{"id":2367,"date":"2020-08-02T20:03:11","date_gmt":"2020-08-02T20:03:11","guid":{"rendered":"https:\/\/observatoriodemedios.com.ar\/?page_id=2367"},"modified":"2020-08-04T23:32:44","modified_gmt":"2020-08-04T23:32:44","slug":"observatorio-de-medios-regionales","status":"publish","type":"page","link":"https:\/\/observatoriodemedios.com.ar\/index.php\/observatorio-de-medios-regionales\/","title":{"rendered":"Observatorio de medios regionales"},"content":{"rendered":"\t\t<div data-elementor-type=\"wp-page\" data-elementor-id=\"2367\" class=\"elementor elementor-2367\" data-elementor-settings=\"[]\">\n\t\t\t\t\t\t<div class=\"elementor-inner\">\n\t\t\t\t\t\t\t<div class=\"elementor-section-wrap\">\n\t\t\t\t\t\t\t<section class=\"elementor-section elementor-top-section elementor-element elementor-element-9701eae elementor-section-boxed elementor-section-height-default elementor-section-height-default\" data-id=\"9701eae\" data-element_type=\"section\">\n\t\t\t\t\t\t<div class=\"elementor-container elementor-column-gap-default\">\n\t\t\t\t\t\t\t<div class=\"elementor-row\">\n\t\t\t\t\t<div class=\"elementor-column elementor-col-100 elementor-top-column elementor-element elementor-element-e23bbf1\" data-id=\"e23bbf1\" data-element_type=\"column\">\n\t\t\t<div class=\"elementor-column-wrap elementor-element-populated\">\n\t\t\t\t\t\t\t<div class=\"elementor-widget-wrap\">\n\t\t\t\t\t\t<div class=\"elementor-element elementor-element-83967be elementor-widget elementor-widget-image\" data-id=\"83967be\" data-element_type=\"widget\" data-widget_type=\"image.default\">\n\t\t\t\t<div class=\"elementor-widget-container\">\n\t\t\t\t\t\t\t\t<div class=\"elementor-image\">\n\t\t\t\t\t\t\t\t\t\t\t\t<img width=\"1002\" height=\"186\" src=\"https:\/\/observatoriodemedios.com.ar\/wp-content\/uploads\/2020\/08\/bannerpracmediosregionales.png\" class=\"attachment-large size-large\" alt=\"\" loading=\"lazy\" srcset=\"https:\/\/observatoriodemedios.com.ar\/wp-content\/uploads\/2020\/08\/bannerpracmediosregionales.png 1002w, https:\/\/observatoriodemedios.com.ar\/wp-content\/uploads\/2020\/08\/bannerpracmediosregionales-300x56.png 300w, https:\/\/observatoriodemedios.com.ar\/wp-content\/uploads\/2020\/08\/bannerpracmediosregionales-768x143.png 768w\" sizes=\"(max-width: 1002px) 100vw, 1002px\" \/>\t\t\t\t\t\t\t\t\t\t\t\t\t\t<\/div>\n\t\t\t\t\t\t<\/div>\n\t\t\t\t<\/div>\n\t\t\t\t\t\t<\/div>\n\t\t\t\t\t<\/div>\n\t\t<\/div>\n\t\t\t\t\t\t\t\t<\/div>\n\t\t\t\t\t<\/div>\n\t\t<\/section>\n\t\t\t\t<section class=\"elementor-section elementor-top-section elementor-element elementor-element-110ec13 elementor-section-boxed elementor-section-height-default elementor-section-height-default\" data-id=\"110ec13\" data-element_type=\"section\">\n\t\t\t\t\t\t\t<div class=\"elementor-background-overlay\"><\/div>\n\t\t\t\t\t\t\t<div class=\"elementor-container elementor-column-gap-default\">\n\t\t\t\t\t\t\t<div class=\"elementor-row\">\n\t\t\t\t\t<div class=\"elementor-column elementor-col-100 elementor-top-column elementor-element elementor-element-a1837c6\" data-id=\"a1837c6\" data-element_type=\"column\">\n\t\t\t<div class=\"elementor-column-wrap elementor-element-populated\">\n\t\t\t\t\t\t\t<div class=\"elementor-widget-wrap\">\n\t\t\t\t\t\t<div class=\"elementor-element elementor-element-c89e858 elementor-widget elementor-widget-heading\" data-id=\"c89e858\" data-element_type=\"widget\" data-widget_type=\"heading.default\">\n\t\t\t\t<div class=\"elementor-widget-container\">\n\t\t\t<h2 class=\"elementor-heading-title elementor-size-default\">L\u00ednea Observatorio de Medios regionales<\/h2>\t\t<\/div>\n\t\t\t\t<\/div>\n\t\t\t\t<div class=\"elementor-element elementor-element-a7bedba elementor-widget elementor-widget-text-editor\" data-id=\"a7bedba\" data-element_type=\"widget\" data-widget_type=\"text-editor.default\">\n\t\t\t\t<div class=\"elementor-widget-container\">\n\t\t\t\t\t\t\t\t<div class=\"elementor-text-editor elementor-clearfix\">\n\t\t\t\t<p>En esta L\u00ednea nos proponemos contribuir a la reflexi\u00f3n sobre el periodismo en la regi\u00f3n centro de la Provincia de Buenos Aires, en particular en las ciudades de Olavarr\u00eda, Azul, Tandil, Bol\u00edvar y Necochea. Trabajamos observando noticias, pr\u00e1cticas y estructura de medios para caracterizar y poner en valor un modo particular de hacer periodismo, propio de esta regi\u00f3n.<\/p><div>\u00a0<\/div>\t\t\t\t\t<\/div>\n\t\t\t\t\t\t<\/div>\n\t\t\t\t<\/div>\n\t\t\t\t\t\t<\/div>\n\t\t\t\t\t<\/div>\n\t\t<\/div>\n\t\t\t\t\t\t\t\t<\/div>\n\t\t\t\t\t<\/div>\n\t\t<\/section>\n\t\t\t\t<section class=\"elementor-section elementor-top-section elementor-element elementor-element-c733214 elementor-section-stretched elementor-section-boxed elementor-section-height-default elementor-section-height-default\" data-id=\"c733214\" data-element_type=\"section\" data-settings=\"{&quot;stretch_section&quot;:&quot;section-stretched&quot;,&quot;background_background&quot;:&quot;classic&quot;}\">\n\t\t\t\t\t\t\t<div class=\"elementor-background-overlay\"><\/div>\n\t\t\t\t\t\t\t<div class=\"elementor-container elementor-column-gap-default\">\n\t\t\t\t\t\t\t<div class=\"elementor-row\">\n\t\t\t\t\t<div class=\"elementor-column elementor-col-100 elementor-top-column elementor-element elementor-element-aca079b\" data-id=\"aca079b\" data-element_type=\"column\">\n\t\t\t<div class=\"elementor-column-wrap elementor-element-populated\">\n\t\t\t\t\t\t\t<div class=\"elementor-widget-wrap\">\n\t\t\t\t\t\t\t\t<\/div>\n\t\t\t\t\t<\/div>\n\t\t<\/div>\n\t\t\t\t\t\t\t\t<\/div>\n\t\t\t\t\t<\/div>\n\t\t<\/section>\n\t\t\t\t\t\t<\/div>\n\t\t\t\t\t\t<\/div>\n\t\t\t\t\t<\/div>\n\t\t","protected":false},"excerpt":{"rendered":"<p>L\u00ednea Observatorio de Medios regionales En esta L\u00ednea nos proponemos contribuir a la reflexi\u00f3n sobre el periodismo en la regi\u00f3n centro de la Provincia de Buenos Aires, en particular en las ciudades de Olavarr\u00eda, Azul, Tandil, Bol\u00edvar y Necochea. Trabajamos observando noticias, pr\u00e1cticas y estructura de medios para caracterizar y poner en valor un modo [&hellip;]<\/p>\n","protected":false},"author":2,"featured_media":0,"parent":0,"menu_order":0,"comment_status":"closed","ping_status":"closed","template":"","meta":[],"_links":{"self":[{"href":"https:\/\/observatoriodemedios.com.ar\/index.php\/wp-json\/wp\/v2\/pages\/2367"}],"collection":[{"href":"https:\/\/observatoriodemedios.com.ar\/index.php\/wp-json\/wp\/v2\/pages"}],"about":[{"href":"https:\/\/observatoriodemedios.com.ar\/index.php\/wp-json\/wp\/v2\/types\/page"}],"author":[{"embeddable":true,"href":"https:\/\/observatoriodemedios.com.ar\/index.php\/wp-json\/wp\/v2\/users\/2"}],"replies":[{"embeddable":true,"href":"https:\/\/observatoriodemedios.com.ar\/index.php\/wp-json\/wp\/v2\/comments?post=2367"}],"version-history":[{"count":4,"href":"https:\/\/observatoriodemedios.com.ar\/index.php\/wp-json\/wp\/v2\/pages\/2367\/revisions"}],"predecessor-version":[{"id":2465,"href":"https:\/\/observatoriodemedios.com.ar\/index.php\/wp-json\/wp\/v2\/pages\/2367\/revisions\/2465"}],"wp:attachment":[{"href":"https:\/\/observatoriodemedios.com.ar\/index.php\/wp-json\/wp\/v2\/media?parent=2367"}],"curies":[{"name":"wp","href":"https:\/\/api.w.org\/{rel}","templated":true}]}}