{"id":2369,"date":"2020-08-02T20:03:39","date_gmt":"2020-08-02T20:03:39","guid":{"rendered":"https:\/\/observatoriodemedios.com.ar\/?page_id=2369"},"modified":"2022-08-23T11:43:08","modified_gmt":"2022-08-23T11:43:08","slug":"fake-news-y-desinformacion","status":"publish","type":"page","link":"https:\/\/observatoriodemedios.com.ar\/index.php\/fake-news-y-desinformacion\/","title":{"rendered":"Fake News y desinformaci\u00f3n"},"content":{"rendered":"\t\t<div data-elementor-type=\"wp-page\" data-elementor-id=\"2369\" class=\"elementor elementor-2369\" data-elementor-settings=\"[]\">\n\t\t\t\t\t\t<div class=\"elementor-inner\">\n\t\t\t\t\t\t\t<div class=\"elementor-section-wrap\">\n\t\t\t\t\t\t\t<section class=\"elementor-section elementor-top-section elementor-element elementor-element-4a31672 elementor-section-boxed elementor-section-height-default elementor-section-height-default\" data-id=\"4a31672\" data-element_type=\"section\">\n\t\t\t\t\t\t<div class=\"elementor-container elementor-column-gap-default\">\n\t\t\t\t\t\t\t<div class=\"elementor-row\">\n\t\t\t\t\t<div class=\"elementor-column elementor-col-100 elementor-top-column elementor-element elementor-element-c6eea81\" data-id=\"c6eea81\" data-element_type=\"column\">\n\t\t\t<div class=\"elementor-column-wrap elementor-element-populated\">\n\t\t\t\t\t\t\t<div class=\"elementor-widget-wrap\">\n\t\t\t\t\t\t<div class=\"elementor-element elementor-element-9ebb082 elementor-widget elementor-widget-image\" data-id=\"9ebb082\" data-element_type=\"widget\" data-widget_type=\"image.default\">\n\t\t\t\t<div class=\"elementor-widget-container\">\n\t\t\t\t\t\t\t\t<div class=\"elementor-image\">\n\t\t\t\t\t\t\t\t\t\t\t\t<img width=\"1024\" height=\"191\" src=\"https:\/\/observatoriodemedios.com.ar\/wp-content\/uploads\/2020\/08\/fakenews-3-1024x191.png\" class=\"attachment-large size-large\" alt=\"\" loading=\"lazy\" srcset=\"https:\/\/observatoriodemedios.com.ar\/wp-content\/uploads\/2020\/08\/fakenews-3-1024x191.png 1024w, https:\/\/observatoriodemedios.com.ar\/wp-content\/uploads\/2020\/08\/fakenews-3-300x56.png 300w, https:\/\/observatoriodemedios.com.ar\/wp-content\/uploads\/2020\/08\/fakenews-3-768x143.png 768w, https:\/\/observatoriodemedios.com.ar\/wp-content\/uploads\/2020\/08\/fakenews-3.png 1504w\" sizes=\"(max-width: 1024px) 100vw, 1024px\" \/>\t\t\t\t\t\t\t\t\t\t\t\t\t\t<\/div>\n\t\t\t\t\t\t<\/div>\n\t\t\t\t<\/div>\n\t\t\t\t\t\t<\/div>\n\t\t\t\t\t<\/div>\n\t\t<\/div>\n\t\t\t\t\t\t\t\t<\/div>\n\t\t\t\t\t<\/div>\n\t\t<\/section>\n\t\t\t\t<section class=\"elementor-section elementor-top-section elementor-element elementor-element-110ec13 elementor-section-boxed elementor-section-height-default elementor-section-height-default\" data-id=\"110ec13\" data-element_type=\"section\" data-settings=\"{&quot;background_background&quot;:&quot;classic&quot;}\">\n\t\t\t\t\t\t\t<div class=\"elementor-background-overlay\"><\/div>\n\t\t\t\t\t\t\t<div class=\"elementor-container elementor-column-gap-default\">\n\t\t\t\t\t\t\t<div class=\"elementor-row\">\n\t\t\t\t\t<div class=\"elementor-column elementor-col-100 elementor-top-column elementor-element elementor-element-a1837c6\" data-id=\"a1837c6\" data-element_type=\"column\">\n\t\t\t<div class=\"elementor-column-wrap elementor-element-populated\">\n\t\t\t\t\t\t\t<div class=\"elementor-widget-wrap\">\n\t\t\t\t\t\t<div class=\"elementor-element elementor-element-c89e858 elementor-widget elementor-widget-heading\" data-id=\"c89e858\" data-element_type=\"widget\" data-widget_type=\"heading.default\">\n\t\t\t\t<div class=\"elementor-widget-container\">\n\t\t\t<h2 class=\"elementor-heading-title elementor-size-default\">L\u00ednea: Fake News y desinformaci\u00f3n<\/h2>\t\t<\/div>\n\t\t\t\t<\/div>\n\t\t\t\t<div class=\"elementor-element elementor-element-a7bedba elementor-widget elementor-widget-text-editor\" data-id=\"a7bedba\" data-element_type=\"widget\" data-widget_type=\"text-editor.default\">\n\t\t\t\t<div class=\"elementor-widget-container\">\n\t\t\t\t\t\t\t\t<div class=\"elementor-text-editor elementor-clearfix\">\n\t\t\t\t<p>En el marco de las actividades del Observatorio nos proponemos investigar y divulgar acerca de la desinformaci\u00f3n y sus riesgos para la comunicaci\u00f3n de la comunidad. Por este motivo trabajamos produciendo conocimientos sobre Fake News y participamos de proyectos de Extensi\u00f3n para concientizar a la poblaci\u00f3n sobre sus riesgos y poder prevenirlos.<\/p><div>\u00a0<\/div>\t\t\t\t\t<\/div>\n\t\t\t\t\t\t<\/div>\n\t\t\t\t<\/div>\n\t\t\t\t\t\t<\/div>\n\t\t\t\t\t<\/div>\n\t\t<\/div>\n\t\t\t\t\t\t\t\t<\/div>\n\t\t\t\t\t<\/div>\n\t\t<\/section>\n\t\t\t\t<section class=\"elementor-section elementor-top-section elementor-element elementor-element-6df7583 elementor-section-stretched elementor-section-boxed elementor-section-height-default elementor-section-height-default\" data-id=\"6df7583\" data-element_type=\"section\" data-settings=\"{&quot;stretch_section&quot;:&quot;section-stretched&quot;,&quot;background_background&quot;:&quot;classic&quot;}\">\n\t\t\t\t\t\t\t<div class=\"elementor-background-overlay\"><\/div>\n\t\t\t\t\t\t\t<div class=\"elementor-container elementor-column-gap-default\">\n\t\t\t\t\t\t\t<div class=\"elementor-row\">\n\t\t\t\t\t<div class=\"elementor-column elementor-col-100 elementor-top-column elementor-element elementor-element-27296ee\" data-id=\"27296ee\" data-element_type=\"column\">\n\t\t\t<div class=\"elementor-column-wrap elementor-element-populated\">\n\t\t\t\t\t\t\t<div class=\"elementor-widget-wrap\">\n\t\t\t\t\t\t<div class=\"elementor-element elementor-element-e64b50d elementor-widget elementor-widget-wgl-blog\" data-id=\"e64b50d\" data-element_type=\"widget\" data-settings=\"{&quot;blog_columns&quot;:&quot;3&quot;}\" data-widget_type=\"wgl-blog.default\">\n\t\t\t\t<div class=\"elementor-widget-container\">\n\t\t\t            <section class=\"wgl_cpt_section\">\n                <div class=\"blog-posts\">\n                    <div class=\"container-grid row blog_carousel blog-style-standard\"><div class=\"wgl-carousel_wrapper\"><div class=\"wgl-carousel navigation_element pag_align_center\"><div class=\"wgl-carousel_slick\" data-slick='{\"slidesToShow\":4,\"slidesToScroll\":4,\"infinite\":false,\"variableWidth\":false,\"autoplay\":false,\"autoplaySpeed\":\"\",\"speed\":300,\"arrows\":true,\"dots\":false,\"adaptiveHeight\":true,\"responsive\":[{\"breakpoint\":1025,\"settings\":{\"slidesToShow\":4,\"slidesToScroll\":4}},{\"breakpoint\":800,\"settings\":{\"slidesToShow\":2,\"slidesToScroll\":2}},{\"breakpoint\":480,\"settings\":{\"slidesToShow\":1,\"slidesToScroll\":1}}]}'><div class=\"wgl_col-3 item\">\n    <div class=\"blog-post  format-standard-image\">\n        <div class=\"blog-post_wrapper\">\n\n            <div class=\"blog-post_media\"><div class=\"blog-post_media_part\"><a href=\"https:\/\/observatoriodemedios.com.ar\/index.php\/2020\/08\/02\/fake-news-infodemia-y-recomendaciones\/\" class=\"blog-post_feature-link\"><img src='https:\/\/observatoriodemedios.com.ar\/wp-content\/uploads\/2020\/08\/Abra-TV-victoria-ennis-840x620.png' alt='' \/><\/a><\/div><\/div>            <div class=\"blog-post_content\">\n            <h3 class=\"blog-post_title\"><a href=\"https:\/\/observatoriodemedios.com.ar\/index.php\/2020\/08\/02\/fake-news-infodemia-y-recomendaciones\/\">Fake news, infodemia y recomendaciones<\/a><\/h3>\n                <div class='blog-post_meta-desc'>  \n                                    <\/div>\n\n                            <\/div>\n        <\/div>\n    <\/div>\n    <\/div><div class=\"wgl_col-3 item\">\n    <div class=\"blog-post  format-standard-image\">\n        <div class=\"blog-post_wrapper\">\n\n            <div class=\"blog-post_media\"><div class=\"blog-post_media_part\"><a href=\"https:\/\/observatoriodemedios.com.ar\/index.php\/2021\/05\/04\/hate-news-y-la-comunion-de-los-verdugos\/\" class=\"blog-post_feature-link\"><img src='https:\/\/observatoriodemedios.com.ar\/wp-content\/uploads\/2021\/05\/pexels-connor-danylenko-2538122-840x620-840x620.jpg' alt='' \/><\/a><\/div><\/div>            <div class=\"blog-post_content\">\n            <h3 class=\"blog-post_title\"><a href=\"https:\/\/observatoriodemedios.com.ar\/index.php\/2021\/05\/04\/hate-news-y-la-comunion-de-los-verdugos\/\">Hate News y la comuni\u00f3n de los verdugos<\/a><\/h3>\n                <div class='blog-post_meta-desc'>  \n                                    <\/div>\n\n                            <\/div>\n        <\/div>\n    <\/div>\n    <\/div><div class=\"wgl_col-3 item\">\n    <div class=\"blog-post  format-standard-image\">\n        <div class=\"blog-post_wrapper\">\n\n            <div class=\"blog-post_media\"><div class=\"blog-post_media_part\"><a href=\"https:\/\/observatoriodemedios.com.ar\/index.php\/2021\/06\/11\/el-observatorio-combate-la-informacion-falsa-con-ciencia\/\" class=\"blog-post_feature-link\"><img src='https:\/\/observatoriodemedios.com.ar\/wp-content\/uploads\/2021\/06\/fake-news-840x620-840x620.jpg' alt='' \/><\/a><\/div><\/div>            <div class=\"blog-post_content\">\n            <h3 class=\"blog-post_title\"><a href=\"https:\/\/observatoriodemedios.com.ar\/index.php\/2021\/06\/11\/el-observatorio-combate-la-informacion-falsa-con-ciencia\/\">El Observatorio combate la informaci\u00f3n falsa con ciencia<\/a><\/h3>\n                <div class='blog-post_meta-desc'>  \n                                    <\/div>\n\n                            <\/div>\n        <\/div>\n    <\/div>\n    <\/div><div class=\"wgl_col-3 item\">\n    <div class=\"blog-post  format-standard-image\">\n        <div class=\"blog-post_wrapper\">\n\n            <div class=\"blog-post_media\"><div class=\"blog-post_media_part\"><a href=\"https:\/\/observatoriodemedios.com.ar\/index.php\/2022\/03\/31\/fake-news-mag-victoria-ennis-publico-en-medical-writting\/\" class=\"blog-post_feature-link\"><img src='https:\/\/observatoriodemedios.com.ar\/wp-content\/uploads\/2022\/03\/unnamed-840x620-840x620.jpg' alt='' \/><\/a><\/div><\/div>            <div class=\"blog-post_content\">\n            <h3 class=\"blog-post_title\"><a href=\"https:\/\/observatoriodemedios.com.ar\/index.php\/2022\/03\/31\/fake-news-mag-victoria-ennis-publico-en-medical-writting\/\">La Mag. Victoria Ennis public\u00f3 en &#8220;Medical Writting&#8221; sobre Fake News<\/a><\/h3>\n                <div class='blog-post_meta-desc'>  \n                                    <\/div>\n\n                            <\/div>\n        <\/div>\n    <\/div>\n    <\/div><\/div><\/div><\/div><\/div>                <\/div>\n        <\/section>\t\t<\/div>\n\t\t\t\t<\/div>\n\t\t\t\t\t\t<\/div>\n\t\t\t\t\t<\/div>\n\t\t<\/div>\n\t\t\t\t\t\t\t\t<\/div>\n\t\t\t\t\t<\/div>\n\t\t<\/section>\n\t\t\t\t\t\t<\/div>\n\t\t\t\t\t\t<\/div>\n\t\t\t\t\t<\/div>\n\t\t","protected":false},"excerpt":{"rendered":"<p>L\u00ednea: Fake News y desinformaci\u00f3n En el marco de las actividades del Observatorio nos proponemos investigar y divulgar acerca de la desinformaci\u00f3n y sus riesgos para la comunicaci\u00f3n de la comunidad. Por este motivo trabajamos produciendo conocimientos sobre Fake News y participamos de proyectos de Extensi\u00f3n para concientizar a la poblaci\u00f3n sobre sus riesgos y [&hellip;]<\/p>\n","protected":false},"author":2,"featured_media":0,"parent":0,"menu_order":0,"comment_status":"closed","ping_status":"closed","template":"","meta":[],"_links":{"self":[{"href":"https:\/\/observatoriodemedios.com.ar\/index.php\/wp-json\/wp\/v2\/pages\/2369"}],"collection":[{"href":"https:\/\/observatoriodemedios.com.ar\/index.php\/wp-json\/wp\/v2\/pages"}],"about":[{"href":"https:\/\/observatoriodemedios.com.ar\/index.php\/wp-json\/wp\/v2\/types\/page"}],"author":[{"embeddable":true,"href":"https:\/\/observatoriodemedios.com.ar\/index.php\/wp-json\/wp\/v2\/users\/2"}],"replies":[{"embeddable":true,"href":"https:\/\/observatoriodemedios.com.ar\/index.php\/wp-json\/wp\/v2\/comments?post=2369"}],"version-history":[{"count":21,"href":"https:\/\/observatoriodemedios.com.ar\/index.php\/wp-json\/wp\/v2\/pages\/2369\/revisions"}],"predecessor-version":[{"id":2858,"href":"https:\/\/observatoriodemedios.com.ar\/index.php\/wp-json\/wp\/v2\/pages\/2369\/revisions\/2858"}],"wp:attachment":[{"href":"https:\/\/observatoriodemedios.com.ar\/index.php\/wp-json\/wp\/v2\/media?parent=2369"}],"curies":[{"name":"wp","href":"https:\/\/api.w.org\/{rel}","templated":true}]}}