{"id":2370,"date":"2020-08-02T20:03:45","date_gmt":"2020-08-02T20:03:45","guid":{"rendered":"https:\/\/observatoriodemedios.com.ar\/?page_id=2370"},"modified":"2020-08-12T19:23:14","modified_gmt":"2020-08-12T19:23:14","slug":"observatorio-de-noticias-electorales","status":"publish","type":"page","link":"https:\/\/observatoriodemedios.com.ar\/index.php\/observatorio-de-noticias-electorales\/","title":{"rendered":"Observatorio de Noticias electorales"},"content":{"rendered":"\t\t<div data-elementor-type=\"wp-page\" data-elementor-id=\"2370\" class=\"elementor elementor-2370\" data-elementor-settings=\"[]\">\n\t\t\t\t\t\t<div class=\"elementor-inner\">\n\t\t\t\t\t\t\t<div class=\"elementor-section-wrap\">\n\t\t\t\t\t\t\t<section class=\"elementor-section elementor-top-section elementor-element elementor-element-7492850 elementor-section-boxed elementor-section-height-default elementor-section-height-default\" data-id=\"7492850\" data-element_type=\"section\">\n\t\t\t\t\t\t<div class=\"elementor-container elementor-column-gap-default\">\n\t\t\t\t\t\t\t<div class=\"elementor-row\">\n\t\t\t\t\t<div class=\"elementor-column elementor-col-100 elementor-top-column elementor-element elementor-element-4ae1ed0\" data-id=\"4ae1ed0\" data-element_type=\"column\">\n\t\t\t<div class=\"elementor-column-wrap elementor-element-populated\">\n\t\t\t\t\t\t\t<div class=\"elementor-widget-wrap\">\n\t\t\t\t\t\t<div class=\"elementor-element elementor-element-a687d13 elementor-widget elementor-widget-image\" data-id=\"a687d13\" data-element_type=\"widget\" data-widget_type=\"image.default\">\n\t\t\t\t<div class=\"elementor-widget-container\">\n\t\t\t\t\t\t\t\t<div class=\"elementor-image\">\n\t\t\t\t\t\t\t\t\t\t\t\t<img width=\"1024\" height=\"190\" src=\"https:\/\/observatoriodemedios.com.ar\/wp-content\/uploads\/2020\/08\/votos-1024x190.png\" class=\"attachment-large size-large\" alt=\"\" loading=\"lazy\" srcset=\"https:\/\/observatoriodemedios.com.ar\/wp-content\/uploads\/2020\/08\/votos-1024x190.png 1024w, https:\/\/observatoriodemedios.com.ar\/wp-content\/uploads\/2020\/08\/votos-300x56.png 300w, https:\/\/observatoriodemedios.com.ar\/wp-content\/uploads\/2020\/08\/votos-768x142.png 768w, https:\/\/observatoriodemedios.com.ar\/wp-content\/uploads\/2020\/08\/votos.png 1504w\" sizes=\"(max-width: 1024px) 100vw, 1024px\" \/>\t\t\t\t\t\t\t\t\t\t\t\t\t\t<\/div>\n\t\t\t\t\t\t<\/div>\n\t\t\t\t<\/div>\n\t\t\t\t\t\t<\/div>\n\t\t\t\t\t<\/div>\n\t\t<\/div>\n\t\t\t\t\t\t\t\t<\/div>\n\t\t\t\t\t<\/div>\n\t\t<\/section>\n\t\t\t\t<section class=\"elementor-section elementor-top-section elementor-element elementor-element-110ec13 elementor-section-boxed elementor-section-height-default elementor-section-height-default\" data-id=\"110ec13\" data-element_type=\"section\">\n\t\t\t\t\t\t\t<div class=\"elementor-background-overlay\"><\/div>\n\t\t\t\t\t\t\t<div class=\"elementor-container elementor-column-gap-default\">\n\t\t\t\t\t\t\t<div class=\"elementor-row\">\n\t\t\t\t\t<div class=\"elementor-column elementor-col-100 elementor-top-column elementor-element elementor-element-a1837c6\" data-id=\"a1837c6\" data-element_type=\"column\">\n\t\t\t<div class=\"elementor-column-wrap elementor-element-populated\">\n\t\t\t\t\t\t\t<div class=\"elementor-widget-wrap\">\n\t\t\t\t\t\t<div class=\"elementor-element elementor-element-c89e858 elementor-widget elementor-widget-heading\" data-id=\"c89e858\" data-element_type=\"widget\" data-widget_type=\"heading.default\">\n\t\t\t\t<div class=\"elementor-widget-container\">\n\t\t\t<h2 class=\"elementor-heading-title elementor-size-default\">L\u00ednea Observaci\u00f3n de noticias electorales<\/h2>\t\t<\/div>\n\t\t\t\t<\/div>\n\t\t\t\t<div class=\"elementor-element elementor-element-a7bedba elementor-widget elementor-widget-text-editor\" data-id=\"a7bedba\" data-element_type=\"widget\" data-widget_type=\"text-editor.default\">\n\t\t\t\t<div class=\"elementor-widget-container\">\n\t\t\t\t\t\t\t\t<div class=\"elementor-text-editor elementor-clearfix\">\n\t\t\t\t<p><span>Desde 2019 comenzamos un proyecto de articulaci\u00f3n con los Observatorios de la Universidad Nacional de Cuyo, a cargo del Doctor Esteban Zunino, y de la Universidad Nacional de Quilmes, a cargo de las Doctoras Natalia Aruguete y Nadia Koziner, cuyos resultados han consolidado un trabajo de investigaci\u00f3n sobre el tratamiento period\u00edstico de la campa\u00f1a presidencial del a\u00f1o 2019 que implic\u00f3 la recolecci\u00f3n y posterior an\u00e1lisis de un corpus de 12.000 notas de medios locales y nacionales.<\/span><\/p><div>\u00a0<\/div>\t\t\t\t\t<\/div>\n\t\t\t\t\t\t<\/div>\n\t\t\t\t<\/div>\n\t\t\t\t\t\t<\/div>\n\t\t\t\t\t<\/div>\n\t\t<\/div>\n\t\t\t\t\t\t\t\t<\/div>\n\t\t\t\t\t<\/div>\n\t\t<\/section>\n\t\t\t\t<section class=\"elementor-section elementor-top-section elementor-element elementor-element-cf283a2 elementor-section-stretched elementor-section-boxed elementor-section-height-default elementor-section-height-default\" data-id=\"cf283a2\" data-element_type=\"section\" data-settings=\"{&quot;stretch_section&quot;:&quot;section-stretched&quot;,&quot;background_background&quot;:&quot;classic&quot;}\">\n\t\t\t\t\t\t\t<div class=\"elementor-background-overlay\"><\/div>\n\t\t\t\t\t\t\t<div class=\"elementor-container elementor-column-gap-default\">\n\t\t\t\t\t\t\t<div class=\"elementor-row\">\n\t\t\t\t\t<div class=\"elementor-column elementor-col-100 elementor-top-column elementor-element elementor-element-c1329ae\" data-id=\"c1329ae\" data-element_type=\"column\">\n\t\t\t<div class=\"elementor-column-wrap elementor-element-populated\">\n\t\t\t\t\t\t\t<div class=\"elementor-widget-wrap\">\n\t\t\t\t\t\t<div class=\"elementor-element elementor-element-0d3b820 elementor-widget elementor-widget-wgl-blog\" data-id=\"0d3b820\" data-element_type=\"widget\" data-settings=\"{&quot;blog_columns&quot;:&quot;3&quot;}\" data-widget_type=\"wgl-blog.default\">\n\t\t\t\t<div class=\"elementor-widget-container\">\n\t\t\t            <section class=\"wgl_cpt_section\">\n                <div class=\"blog-posts\">\n                    <div class=\"container-grid row blog_carousel blog-style-standard\"><div class=\"wgl-carousel_wrapper\"><div class=\"wgl-carousel navigation_element pag_align_center\"><div class=\"wgl-carousel_slick\" data-slick='{\"slidesToShow\":4,\"slidesToScroll\":4,\"infinite\":false,\"variableWidth\":false,\"autoplay\":false,\"autoplaySpeed\":\"\",\"speed\":300,\"arrows\":true,\"dots\":false,\"adaptiveHeight\":true,\"responsive\":[{\"breakpoint\":1025,\"settings\":{\"slidesToShow\":4,\"slidesToScroll\":4}},{\"breakpoint\":800,\"settings\":{\"slidesToShow\":2,\"slidesToScroll\":2}},{\"breakpoint\":480,\"settings\":{\"slidesToShow\":1,\"slidesToScroll\":1}}]}'><div class=\"wgl_col-3 item\">\n    <div class=\"blog-post  format-standard-image\">\n        <div class=\"blog-post_wrapper\">\n\n            <div class=\"blog-post_media\"><div class=\"blog-post_media_part\"><a href=\"https:\/\/observatoriodemedios.com.ar\/index.php\/2020\/07\/25\/iii-jornada-periodismo\/\" class=\"blog-post_feature-link\"><img src='https:\/\/observatoriodemedios.com.ar\/wp-content\/uploads\/2020\/07\/Panel-observatorio-840x620-840x620.png' alt='' \/><\/a><\/div><\/div>            <div class=\"blog-post_content\">\n            <h3 class=\"blog-post_title\"><a href=\"https:\/\/observatoriodemedios.com.ar\/index.php\/2020\/07\/25\/iii-jornada-periodismo\/\">Reviv\u00ed la III Jornada de Periodismo<\/a><\/h3>\n                <div class='blog-post_meta-desc'>  \n                                    <\/div>\n\n                            <\/div>\n        <\/div>\n    <\/div>\n    <\/div><div class=\"wgl_col-3 item\">\n    <div class=\"blog-post  format-standard-image\">\n        <div class=\"blog-post_wrapper\">\n\n            <div class=\"blog-post_media\"><div class=\"blog-post_media_part\"><a href=\"https:\/\/observatoriodemedios.com.ar\/index.php\/2020\/08\/02\/aportes-al-voluntariado-por-covid-19-de-unicen\/\" class=\"blog-post_feature-link\"><img src='https:\/\/observatoriodemedios.com.ar\/wp-content\/uploads\/2020\/08\/Screenshot_2-840x476-840x620.png' alt='' \/><\/a><\/div><\/div>            <div class=\"blog-post_content\">\n            <h3 class=\"blog-post_title\"><a href=\"https:\/\/observatoriodemedios.com.ar\/index.php\/2020\/08\/02\/aportes-al-voluntariado-por-covid-19-de-unicen\/\">Aportes al Voluntariado por COVID- 19 de UNICEN<\/a><\/h3>\n                <div class='blog-post_meta-desc'>  \n                                    <\/div>\n\n                            <\/div>\n        <\/div>\n    <\/div>\n    <\/div><div class=\"wgl_col-3 item\">\n    <div class=\"blog-post  format-standard-image\">\n        <div class=\"blog-post_wrapper\">\n\n            <div class=\"blog-post_media\"><div class=\"blog-post_media_part\"><a href=\"https:\/\/observatoriodemedios.com.ar\/index.php\/2020\/08\/02\/fake-news-infodemia-y-recomendaciones\/\" class=\"blog-post_feature-link\"><img src='https:\/\/observatoriodemedios.com.ar\/wp-content\/uploads\/2020\/08\/Abra-TV-victoria-ennis-840x620.png' alt='' \/><\/a><\/div><\/div>            <div class=\"blog-post_content\">\n            <h3 class=\"blog-post_title\"><a href=\"https:\/\/observatoriodemedios.com.ar\/index.php\/2020\/08\/02\/fake-news-infodemia-y-recomendaciones\/\">Fake news, infodemia y recomendaciones<\/a><\/h3>\n                <div class='blog-post_meta-desc'>  \n                                    <\/div>\n\n                            <\/div>\n        <\/div>\n    <\/div>\n    <\/div><div class=\"wgl_col-3 item\">\n    <div class=\"blog-post  format-standard-image\">\n        <div class=\"blog-post_wrapper\">\n\n            <div class=\"blog-post_media\"><div class=\"blog-post_media_part\"><a href=\"https:\/\/observatoriodemedios.com.ar\/index.php\/2020\/08\/02\/la-catedra-taller-ii-se-sumo-al-proyecto-de-siniestros-viales\/\" class=\"blog-post_feature-link\"><img src='https:\/\/observatoriodemedios.com.ar\/wp-content\/uploads\/2020\/08\/Screenshot_3-840x620.png' alt='' \/><\/a><\/div><\/div>            <div class=\"blog-post_content\">\n            <h3 class=\"blog-post_title\"><a href=\"https:\/\/observatoriodemedios.com.ar\/index.php\/2020\/08\/02\/la-catedra-taller-ii-se-sumo-al-proyecto-de-siniestros-viales\/\">La c\u00e1tedra Taller II se sum\u00f3 al Proyecto de Siniestros viales<\/a><\/h3>\n                <div class='blog-post_meta-desc'>  \n                                    <\/div>\n\n                            <\/div>\n        <\/div>\n    <\/div>\n    <\/div><div class=\"wgl_col-3 item\">\n    <div class=\"blog-post  format-standard-image\">\n        <div class=\"blog-post_wrapper\">\n\n            <div class=\"blog-post_media\"><div class=\"blog-post_media_part\"><a href=\"https:\/\/observatoriodemedios.com.ar\/index.php\/2020\/08\/02\/la-red-de-observatorios-nacionales-en-pagina-12\/\" class=\"blog-post_feature-link\"><img src='https:\/\/observatoriodemedios.com.ar\/wp-content\/uploads\/2020\/08\/Ilustraci\u00f3n-Reinaldo-Cort\u00e9s-840x620.png' alt='' \/><\/a><\/div><\/div>            <div class=\"blog-post_content\">\n            <h3 class=\"blog-post_title\"><a href=\"https:\/\/observatoriodemedios.com.ar\/index.php\/2020\/08\/02\/la-red-de-observatorios-nacionales-en-pagina-12\/\">La red de Observatorios Nacionales en P\u00e1gina 12<\/a><\/h3>\n                <div class='blog-post_meta-desc'>  \n                                    <\/div>\n\n                            <\/div>\n        <\/div>\n    <\/div>\n    <\/div><div class=\"wgl_col-3 item\">\n    <div class=\"blog-post  format-standard-image\">\n        <div class=\"blog-post_wrapper\">\n\n            <div class=\"blog-post_media\"><div class=\"blog-post_media_part\"><a href=\"https:\/\/observatoriodemedios.com.ar\/index.php\/2020\/08\/04\/talleres-en-las-escuelas-de-la-investigacion-a-la-extension\/\" class=\"blog-post_feature-link\"><img src='https:\/\/observatoriodemedios.com.ar\/wp-content\/uploads\/2020\/08\/talleres-840x620.png' alt='' \/><\/a><\/div><\/div>            <div class=\"blog-post_content\">\n            <h3 class=\"blog-post_title\"><a href=\"https:\/\/observatoriodemedios.com.ar\/index.php\/2020\/08\/04\/talleres-en-las-escuelas-de-la-investigacion-a-la-extension\/\">Talleres en las escuelas: de la investigaci\u00f3n a la extensi\u00f3n<\/a><\/h3>\n                <div class='blog-post_meta-desc'>  \n                                    <\/div>\n\n                            <\/div>\n        <\/div>\n    <\/div>\n    <\/div><div class=\"wgl_col-3 item\">\n    <div class=\"blog-post  format-standard-image\">\n        <div class=\"blog-post_wrapper\">\n\n            <div class=\"blog-post_media\"><div class=\"blog-post_media_part\"><a href=\"https:\/\/observatoriodemedios.com.ar\/index.php\/2020\/08\/05\/el-observatorio-culmino-su-primer-curso-virtual\/\" class=\"blog-post_feature-link\"><img src='https:\/\/observatoriodemedios.com.ar\/wp-content\/uploads\/2020\/08\/Screenshot_3-1-840x620.png' alt='' \/><\/a><\/div><\/div>            <div class=\"blog-post_content\">\n            <h3 class=\"blog-post_title\"><a href=\"https:\/\/observatoriodemedios.com.ar\/index.php\/2020\/08\/05\/el-observatorio-culmino-su-primer-curso-virtual\/\">El Observatorio culmin\u00f3 su primer curso virtual<\/a><\/h3>\n                <div class='blog-post_meta-desc'>  \n                                    <\/div>\n\n                            <\/div>\n        <\/div>\n    <\/div>\n    <\/div><div class=\"wgl_col-3 item\">\n    <div class=\"blog-post  format-standard-image\">\n        <div class=\"blog-post_wrapper\">\n\n            <div class=\"blog-post_media\"><div class=\"blog-post_media_part\"><a href=\"https:\/\/observatoriodemedios.com.ar\/index.php\/2020\/09\/17\/la-dra-monica-cohendoz-debatio-junto-a-referentes-del-campo-de-la-comunicacion\/\" class=\"blog-post_feature-link\"><img src='https:\/\/observatoriodemedios.com.ar\/wp-content\/uploads\/2020\/09\/Screenshot_2-840x620-840x620.png' alt='' \/><\/a><\/div><\/div>            <div class=\"blog-post_content\">\n            <h3 class=\"blog-post_title\"><a href=\"https:\/\/observatoriodemedios.com.ar\/index.php\/2020\/09\/17\/la-dra-monica-cohendoz-debatio-junto-a-referentes-del-campo-de-la-comunicacion\/\">La Dra. M\u00f3nica Cohendoz  debati\u00f3 junto a referentes del campo de la Comunicaci\u00f3n<\/a><\/h3>\n                <div class='blog-post_meta-desc'>  \n                                    <\/div>\n\n                            <\/div>\n        <\/div>\n    <\/div>\n    <\/div><\/div><\/div><\/div><\/div>                <\/div>\n        <\/section>\t\t<\/div>\n\t\t\t\t<\/div>\n\t\t\t\t\t\t<\/div>\n\t\t\t\t\t<\/div>\n\t\t<\/div>\n\t\t\t\t\t\t\t\t<\/div>\n\t\t\t\t\t<\/div>\n\t\t<\/section>\n\t\t\t\t\t\t<\/div>\n\t\t\t\t\t\t<\/div>\n\t\t\t\t\t<\/div>\n\t\t","protected":false},"excerpt":{"rendered":"<p>L\u00ednea Observaci\u00f3n de noticias electorales Desde 2019 comenzamos un proyecto de articulaci\u00f3n con los Observatorios de la Universidad Nacional de Cuyo, a cargo del Doctor Esteban Zunino, y de la Universidad Nacional de Quilmes, a cargo de las Doctoras Natalia Aruguete y Nadia Koziner, cuyos resultados han consolidado un trabajo de investigaci\u00f3n sobre el tratamiento [&hellip;]<\/p>\n","protected":false},"author":2,"featured_media":0,"parent":0,"menu_order":0,"comment_status":"closed","ping_status":"closed","template":"","meta":[],"_links":{"self":[{"href":"https:\/\/observatoriodemedios.com.ar\/index.php\/wp-json\/wp\/v2\/pages\/2370"}],"collection":[{"href":"https:\/\/observatoriodemedios.com.ar\/index.php\/wp-json\/wp\/v2\/pages"}],"about":[{"href":"https:\/\/observatoriodemedios.com.ar\/index.php\/wp-json\/wp\/v2\/types\/page"}],"author":[{"embeddable":true,"href":"https:\/\/observatoriodemedios.com.ar\/index.php\/wp-json\/wp\/v2\/users\/2"}],"replies":[{"embeddable":true,"href":"https:\/\/observatoriodemedios.com.ar\/index.php\/wp-json\/wp\/v2\/comments?post=2370"}],"version-history":[{"count":8,"href":"https:\/\/observatoriodemedios.com.ar\/index.php\/wp-json\/wp\/v2\/pages\/2370\/revisions"}],"predecessor-version":[{"id":2518,"href":"https:\/\/observatoriodemedios.com.ar\/index.php\/wp-json\/wp\/v2\/pages\/2370\/revisions\/2518"}],"wp:attachment":[{"href":"https:\/\/observatoriodemedios.com.ar\/index.php\/wp-json\/wp\/v2\/media?parent=2370"}],"curies":[{"name":"wp","href":"https:\/\/api.w.org\/{rel}","templated":true}]}}