{"id":2375,"date":"2020-08-02T20:04:47","date_gmt":"2020-08-02T20:04:47","guid":{"rendered":"https:\/\/observatoriodemedios.com.ar\/?page_id=2375"},"modified":"2024-07-02T17:44:56","modified_gmt":"2024-07-02T17:44:56","slug":"practicas-periodisticas-y-rutinas-productivas","status":"publish","type":"page","link":"https:\/\/observatoriodemedios.com.ar\/index.php\/practicas-periodisticas-y-rutinas-productivas\/","title":{"rendered":"Pr\u00e1cticas period\u00edsticas y rutinas productivas"},"content":{"rendered":"\t\t<div data-elementor-type=\"wp-page\" data-elementor-id=\"2375\" class=\"elementor elementor-2375\" data-elementor-settings=\"[]\">\n\t\t\t\t\t\t<div class=\"elementor-inner\">\n\t\t\t\t\t\t\t<div class=\"elementor-section-wrap\">\n\t\t\t\t\t\t\t<section class=\"elementor-section elementor-top-section elementor-element elementor-element-ab4bf69 elementor-section-boxed elementor-section-height-default elementor-section-height-default\" data-id=\"ab4bf69\" data-element_type=\"section\">\n\t\t\t\t\t\t<div class=\"elementor-container elementor-column-gap-default\">\n\t\t\t\t\t\t\t<div class=\"elementor-row\">\n\t\t\t\t\t<div class=\"elementor-column elementor-col-100 elementor-top-column elementor-element elementor-element-50781ea\" data-id=\"50781ea\" data-element_type=\"column\">\n\t\t\t<div class=\"elementor-column-wrap elementor-element-populated\">\n\t\t\t\t\t\t\t<div class=\"elementor-widget-wrap\">\n\t\t\t\t\t\t<div class=\"elementor-element elementor-element-2fb655a elementor-widget elementor-widget-image\" data-id=\"2fb655a\" data-element_type=\"widget\" data-widget_type=\"image.default\">\n\t\t\t\t<div class=\"elementor-widget-container\">\n\t\t\t\t\t\t\t\t<div class=\"elementor-image\">\n\t\t\t\t\t\t\t\t\t\t\t\t<img width=\"1002\" height=\"186\" src=\"https:\/\/observatoriodemedios.com.ar\/wp-content\/uploads\/2020\/08\/bannerpracticasperiod.png\" class=\"attachment-large size-large\" alt=\"\" loading=\"lazy\" srcset=\"https:\/\/observatoriodemedios.com.ar\/wp-content\/uploads\/2020\/08\/bannerpracticasperiod.png 1002w, https:\/\/observatoriodemedios.com.ar\/wp-content\/uploads\/2020\/08\/bannerpracticasperiod-300x56.png 300w, https:\/\/observatoriodemedios.com.ar\/wp-content\/uploads\/2020\/08\/bannerpracticasperiod-768x143.png 768w\" sizes=\"(max-width: 1002px) 100vw, 1002px\" \/>\t\t\t\t\t\t\t\t\t\t\t\t\t\t<\/div>\n\t\t\t\t\t\t<\/div>\n\t\t\t\t<\/div>\n\t\t\t\t\t\t<\/div>\n\t\t\t\t\t<\/div>\n\t\t<\/div>\n\t\t\t\t\t\t\t\t<\/div>\n\t\t\t\t\t<\/div>\n\t\t<\/section>\n\t\t\t\t<section class=\"elementor-section elementor-top-section elementor-element elementor-element-110ec13 elementor-section-boxed elementor-section-height-default elementor-section-height-default\" data-id=\"110ec13\" data-element_type=\"section\">\n\t\t\t\t\t\t\t<div class=\"elementor-background-overlay\"><\/div>\n\t\t\t\t\t\t\t<div class=\"elementor-container elementor-column-gap-default\">\n\t\t\t\t\t\t\t<div class=\"elementor-row\">\n\t\t\t\t\t<div class=\"elementor-column elementor-col-100 elementor-top-column elementor-element elementor-element-a1837c6\" data-id=\"a1837c6\" data-element_type=\"column\">\n\t\t\t<div class=\"elementor-column-wrap elementor-element-populated\">\n\t\t\t\t\t\t\t<div class=\"elementor-widget-wrap\">\n\t\t\t\t\t\t<div class=\"elementor-element elementor-element-c89e858 elementor-widget elementor-widget-heading\" data-id=\"c89e858\" data-element_type=\"widget\" data-widget_type=\"heading.default\">\n\t\t\t\t<div class=\"elementor-widget-container\">\n\t\t\t<h2 class=\"elementor-heading-title elementor-size-default\">L\u00ednea Pr\u00e1cticas period\u00edsticas y rutinas productivas<\/h2>\t\t<\/div>\n\t\t\t\t<\/div>\n\t\t\t\t<div class=\"elementor-element elementor-element-a7bedba elementor-widget elementor-widget-text-editor\" data-id=\"a7bedba\" data-element_type=\"widget\" data-widget_type=\"text-editor.default\">\n\t\t\t\t<div class=\"elementor-widget-container\">\n\t\t\t\t\t\t\t\t<div class=\"elementor-text-editor elementor-clearfix\">\n\t\t\t\t<p>En esta L\u00ednea agrupamos proyectos relacionados a la investigaci\u00f3n de los modos de hacer periodismo, entendiendo a los mismo como un conjunto de pr\u00e1cticas, procedimientos, aprendizajes, modos de organizaci\u00f3n del trabajo. Nos interesa adem\u00e1s monitorear y producir conocimientos respecto de condiciones laborales y situaciones de precarizaci\u00f3n de la actividad period\u00edstica.<\/p><div>\u00a0<\/div>\t\t\t\t\t<\/div>\n\t\t\t\t\t\t<\/div>\n\t\t\t\t<\/div>\n\t\t\t\t\t\t<\/div>\n\t\t\t\t\t<\/div>\n\t\t<\/div>\n\t\t\t\t\t\t\t\t<\/div>\n\t\t\t\t\t<\/div>\n\t\t<\/section>\n\t\t\t\t<section class=\"elementor-section elementor-top-section elementor-element elementor-element-56d03d1 elementor-section-stretched elementor-section-boxed elementor-section-height-default elementor-section-height-default\" data-id=\"56d03d1\" data-element_type=\"section\" data-settings=\"{&quot;stretch_section&quot;:&quot;section-stretched&quot;,&quot;background_background&quot;:&quot;classic&quot;}\">\n\t\t\t\t\t\t\t<div class=\"elementor-background-overlay\"><\/div>\n\t\t\t\t\t\t\t<div class=\"elementor-container elementor-column-gap-default\">\n\t\t\t\t\t\t\t<div class=\"elementor-row\">\n\t\t\t\t\t<div class=\"elementor-column elementor-col-100 elementor-top-column elementor-element elementor-element-0d23b94\" data-id=\"0d23b94\" data-element_type=\"column\">\n\t\t\t<div class=\"elementor-column-wrap elementor-element-populated\">\n\t\t\t\t\t\t\t<div class=\"elementor-widget-wrap\">\n\t\t\t\t\t\t<div class=\"elementor-element elementor-element-7d99985 elementor-widget elementor-widget-wgl-blog\" data-id=\"7d99985\" data-element_type=\"widget\" data-settings=\"{&quot;blog_columns&quot;:&quot;3&quot;}\" data-widget_type=\"wgl-blog.default\">\n\t\t\t\t<div class=\"elementor-widget-container\">\n\t\t\t            <section class=\"wgl_cpt_section\">\n                <div class=\"blog-posts\">\n                    <div class=\"container-grid row blog_carousel blog-style-standard\"><div class=\"wgl-carousel_wrapper\"><div class=\"wgl-carousel navigation_element pag_align_center\"><div class=\"wgl-carousel_slick\" data-slick='{\"slidesToShow\":4,\"slidesToScroll\":4,\"infinite\":false,\"variableWidth\":false,\"autoplay\":false,\"autoplaySpeed\":\"\",\"speed\":300,\"arrows\":true,\"dots\":false,\"adaptiveHeight\":true,\"responsive\":[{\"breakpoint\":1025,\"settings\":{\"slidesToShow\":4,\"slidesToScroll\":4}},{\"breakpoint\":800,\"settings\":{\"slidesToShow\":2,\"slidesToScroll\":2}},{\"breakpoint\":480,\"settings\":{\"slidesToShow\":1,\"slidesToScroll\":1}}]}'><div class=\"wgl_col-3 item\">\n    <div class=\"blog-post  format-standard-image\">\n        <div class=\"blog-post_wrapper\">\n\n            <div class=\"blog-post_media\"><div class=\"blog-post_media_part\"><a href=\"https:\/\/observatoriodemedios.com.ar\/index.php\/2020\/07\/25\/iii-jornada-periodismo\/\" class=\"blog-post_feature-link\"><img src='https:\/\/observatoriodemedios.com.ar\/wp-content\/uploads\/2020\/07\/Panel-observatorio-840x620-840x620.png' alt='' \/><\/a><\/div><\/div>            <div class=\"blog-post_content\">\n            <h3 class=\"blog-post_title\"><a href=\"https:\/\/observatoriodemedios.com.ar\/index.php\/2020\/07\/25\/iii-jornada-periodismo\/\">Reviv\u00ed la III Jornada de Periodismo<\/a><\/h3>\n                <div class='blog-post_meta-desc'>  \n                                    <\/div>\n\n                            <\/div>\n        <\/div>\n    <\/div>\n    <\/div><\/div><\/div><\/div><\/div>                <\/div>\n        <\/section>\t\t<\/div>\n\t\t\t\t<\/div>\n\t\t\t\t\t\t<\/div>\n\t\t\t\t\t<\/div>\n\t\t<\/div>\n\t\t\t\t\t\t\t\t<\/div>\n\t\t\t\t\t<\/div>\n\t\t<\/section>\n\t\t\t\t\t\t<\/div>\n\t\t\t\t\t\t<\/div>\n\t\t\t\t\t<\/div>\n\t\t","protected":false},"excerpt":{"rendered":"<p>L\u00ednea Pr\u00e1cticas period\u00edsticas y rutinas productivas En esta L\u00ednea agrupamos proyectos relacionados a la investigaci\u00f3n de los modos de hacer periodismo, entendiendo a los mismo como un conjunto de pr\u00e1cticas, procedimientos, aprendizajes, modos de organizaci\u00f3n del trabajo. Nos interesa adem\u00e1s monitorear y producir conocimientos respecto de condiciones laborales y situaciones de precarizaci\u00f3n de la actividad [&hellip;]<\/p>\n","protected":false},"author":2,"featured_media":0,"parent":0,"menu_order":0,"comment_status":"closed","ping_status":"closed","template":"","meta":[],"_links":{"self":[{"href":"https:\/\/observatoriodemedios.com.ar\/index.php\/wp-json\/wp\/v2\/pages\/2375"}],"collection":[{"href":"https:\/\/observatoriodemedios.com.ar\/index.php\/wp-json\/wp\/v2\/pages"}],"about":[{"href":"https:\/\/observatoriodemedios.com.ar\/index.php\/wp-json\/wp\/v2\/types\/page"}],"author":[{"embeddable":true,"href":"https:\/\/observatoriodemedios.com.ar\/index.php\/wp-json\/wp\/v2\/users\/2"}],"replies":[{"embeddable":true,"href":"https:\/\/observatoriodemedios.com.ar\/index.php\/wp-json\/wp\/v2\/comments?post=2375"}],"version-history":[{"count":8,"href":"https:\/\/observatoriodemedios.com.ar\/index.php\/wp-json\/wp\/v2\/pages\/2375\/revisions"}],"predecessor-version":[{"id":3071,"href":"https:\/\/observatoriodemedios.com.ar\/index.php\/wp-json\/wp\/v2\/pages\/2375\/revisions\/3071"}],"wp:attachment":[{"href":"https:\/\/observatoriodemedios.com.ar\/index.php\/wp-json\/wp\/v2\/media?parent=2375"}],"curies":[{"name":"wp","href":"https:\/\/api.w.org\/{rel}","templated":true}]}}