{"id":2380,"date":"2020-08-02T20:07:53","date_gmt":"2020-08-02T20:07:53","guid":{"rendered":"https:\/\/observatoriodemedios.com.ar\/?page_id=2380"},"modified":"2021-09-20T16:58:12","modified_gmt":"2021-09-20T16:58:12","slug":"siniestros-viales-y-medios-de-comunicacion","status":"publish","type":"page","link":"https:\/\/observatoriodemedios.com.ar\/index.php\/siniestros-viales-y-medios-de-comunicacion\/","title":{"rendered":"Siniestros viales y medios de comunicaci\u00f3n"},"content":{"rendered":"\t\t<div data-elementor-type=\"wp-page\" data-elementor-id=\"2380\" class=\"elementor elementor-2380\" data-elementor-settings=\"[]\">\n\t\t\t\t\t\t<div class=\"elementor-inner\">\n\t\t\t\t\t\t\t<div class=\"elementor-section-wrap\">\n\t\t\t\t\t\t\t<section class=\"elementor-section elementor-top-section elementor-element elementor-element-653fd51 elementor-section-boxed elementor-section-height-default elementor-section-height-default\" data-id=\"653fd51\" data-element_type=\"section\">\n\t\t\t\t\t\t<div class=\"elementor-container elementor-column-gap-default\">\n\t\t\t\t\t\t\t<div class=\"elementor-row\">\n\t\t\t\t\t<div class=\"elementor-column elementor-col-100 elementor-top-column elementor-element elementor-element-c5d24ba\" data-id=\"c5d24ba\" data-element_type=\"column\">\n\t\t\t<div class=\"elementor-column-wrap elementor-element-populated\">\n\t\t\t\t\t\t\t<div class=\"elementor-widget-wrap\">\n\t\t\t\t\t\t<div class=\"elementor-element elementor-element-e0ee068 elementor-widget elementor-widget-image\" data-id=\"e0ee068\" data-element_type=\"widget\" data-widget_type=\"image.default\">\n\t\t\t\t<div class=\"elementor-widget-container\">\n\t\t\t\t\t\t\t\t<div class=\"elementor-image\">\n\t\t\t\t\t\t\t\t\t\t\t\t<img width=\"1024\" height=\"191\" src=\"https:\/\/observatoriodemedios.com.ar\/wp-content\/uploads\/2020\/08\/siniesttos-1024x191.png\" class=\"attachment-large size-large\" alt=\"\" loading=\"lazy\" srcset=\"https:\/\/observatoriodemedios.com.ar\/wp-content\/uploads\/2020\/08\/siniesttos-1024x191.png 1024w, https:\/\/observatoriodemedios.com.ar\/wp-content\/uploads\/2020\/08\/siniesttos-300x56.png 300w, https:\/\/observatoriodemedios.com.ar\/wp-content\/uploads\/2020\/08\/siniesttos-768x143.png 768w, https:\/\/observatoriodemedios.com.ar\/wp-content\/uploads\/2020\/08\/siniesttos.png 1504w\" sizes=\"(max-width: 1024px) 100vw, 1024px\" \/>\t\t\t\t\t\t\t\t\t\t\t\t\t\t<\/div>\n\t\t\t\t\t\t<\/div>\n\t\t\t\t<\/div>\n\t\t\t\t\t\t<\/div>\n\t\t\t\t\t<\/div>\n\t\t<\/div>\n\t\t\t\t\t\t\t\t<\/div>\n\t\t\t\t\t<\/div>\n\t\t<\/section>\n\t\t\t\t<section class=\"elementor-section elementor-top-section elementor-element elementor-element-110ec13 elementor-section-boxed elementor-section-height-default elementor-section-height-default\" data-id=\"110ec13\" data-element_type=\"section\">\n\t\t\t\t\t\t\t<div class=\"elementor-background-overlay\"><\/div>\n\t\t\t\t\t\t\t<div class=\"elementor-container elementor-column-gap-default\">\n\t\t\t\t\t\t\t<div class=\"elementor-row\">\n\t\t\t\t\t<div class=\"elementor-column elementor-col-100 elementor-top-column elementor-element elementor-element-a1837c6\" data-id=\"a1837c6\" data-element_type=\"column\">\n\t\t\t<div class=\"elementor-column-wrap elementor-element-populated\">\n\t\t\t\t\t\t\t<div class=\"elementor-widget-wrap\">\n\t\t\t\t\t\t<div class=\"elementor-element elementor-element-c89e858 elementor-widget elementor-widget-heading\" data-id=\"c89e858\" data-element_type=\"widget\" data-widget_type=\"heading.default\">\n\t\t\t\t<div class=\"elementor-widget-container\">\n\t\t\t<h2 class=\"elementor-heading-title elementor-size-default\">L\u00ednea Siniestros viales y Medios de comunicaci\u00f3n<\/h2>\t\t<\/div>\n\t\t\t\t<\/div>\n\t\t\t\t<div class=\"elementor-element elementor-element-a7bedba elementor-widget elementor-widget-text-editor\" data-id=\"a7bedba\" data-element_type=\"widget\" data-widget_type=\"text-editor.default\">\n\t\t\t\t<div class=\"elementor-widget-container\">\n\t\t\t\t\t\t\t\t<div class=\"elementor-text-editor elementor-clearfix\">\n\t\t\t\t<p><span>En la L\u00ednea de Investigaci\u00f3n sobre el tratamiento noticioso de los siniestros viales nos centramos en el abordaje comunicacional del problema, entendiendo a este fen\u00f3meno como multicausal y complejo. En este sentido tenemos diferentes proyectos de investigaci\u00f3n y extensi\u00f3n aprobados en los cuales trabajamos junto a especialistas de la Facultad de Ingenier\u00eda (UNICEN) y la Facultad de Cs. de la Salud (UNICEN) en estrategias de prevenci\u00f3n, comunicaci\u00f3n y visibilizaci\u00f3n del problema.<\/span><\/p><div>\u00a0<\/div>\t\t\t\t\t<\/div>\n\t\t\t\t\t\t<\/div>\n\t\t\t\t<\/div>\n\t\t\t\t\t\t<\/div>\n\t\t\t\t\t<\/div>\n\t\t<\/div>\n\t\t\t\t\t\t\t\t<\/div>\n\t\t\t\t\t<\/div>\n\t\t<\/section>\n\t\t\t\t<section class=\"elementor-section elementor-top-section elementor-element elementor-element-d30ffbc elementor-section-boxed elementor-section-height-default elementor-section-height-default\" data-id=\"d30ffbc\" data-element_type=\"section\">\n\t\t\t\t\t\t<div class=\"elementor-container elementor-column-gap-default\">\n\t\t\t\t\t\t\t<div class=\"elementor-row\">\n\t\t\t\t\t<div class=\"elementor-column elementor-col-100 elementor-top-column elementor-element elementor-element-50712e1\" data-id=\"50712e1\" data-element_type=\"column\">\n\t\t\t<div class=\"elementor-column-wrap elementor-element-populated\">\n\t\t\t\t\t\t\t<div class=\"elementor-widget-wrap\">\n\t\t\t\t\t\t<div class=\"elementor-element elementor-element-bcd1a9c elementor-widget elementor-widget-wgl-blog\" data-id=\"bcd1a9c\" data-element_type=\"widget\" data-settings=\"{&quot;blog_columns&quot;:&quot;3&quot;}\" data-widget_type=\"wgl-blog.default\">\n\t\t\t\t<div class=\"elementor-widget-container\">\n\t\t\t            <section class=\"wgl_cpt_section\">\n                <div class=\"blog-posts\">\n                    <div class=\"container-grid row blog_carousel blog-style-standard\"><div class=\"wgl-carousel_wrapper\"><div class=\"wgl-carousel navigation_element pag_align_center\"><div class=\"wgl-carousel_slick\" data-slick='{\"slidesToShow\":4,\"slidesToScroll\":4,\"infinite\":false,\"variableWidth\":false,\"autoplay\":false,\"autoplaySpeed\":\"\",\"speed\":300,\"arrows\":true,\"dots\":false,\"adaptiveHeight\":true,\"responsive\":[{\"breakpoint\":1025,\"settings\":{\"slidesToShow\":4,\"slidesToScroll\":4}},{\"breakpoint\":800,\"settings\":{\"slidesToShow\":2,\"slidesToScroll\":2}},{\"breakpoint\":480,\"settings\":{\"slidesToShow\":1,\"slidesToScroll\":1}}]}'><div class=\"wgl_col-3 item\">\n    <div class=\"blog-post  format-standard-image\">\n        <div class=\"blog-post_wrapper\">\n\n            <div class=\"blog-post_media\"><div class=\"blog-post_media_part\"><a href=\"https:\/\/observatoriodemedios.com.ar\/index.php\/2021\/09\/20\/participamos-del-codigo-de-convivencia-de-tandil\/\" class=\"blog-post_feature-link\"><img src='https:\/\/observatoriodemedios.com.ar\/wp-content\/uploads\/2021\/09\/tandil-840x620.jpg' alt='' \/><\/a><\/div><\/div>            <div class=\"blog-post_content\">\n            <h3 class=\"blog-post_title\"><a href=\"https:\/\/observatoriodemedios.com.ar\/index.php\/2021\/09\/20\/participamos-del-codigo-de-convivencia-de-tandil\/\">Participamos del c\u00f3digo de convivencia de Tandil<\/a><\/h3>\n                <div class='blog-post_meta-desc'>  \n                                    <\/div>\n\n                            <\/div>\n        <\/div>\n    <\/div>\n    <\/div><div class=\"wgl_col-3 item\">\n    <div class=\"blog-post  format-standard-image\">\n        <div class=\"blog-post_wrapper\">\n\n            <div class=\"blog-post_media\"><div class=\"blog-post_media_part\"><a href=\"https:\/\/observatoriodemedios.com.ar\/index.php\/2021\/04\/27\/divulgacion-del-proyecto-de-siniestros-viales\/\" class=\"blog-post_feature-link\"><img src='https:\/\/observatoriodemedios.com.ar\/wp-content\/uploads\/2021\/04\/Screenshot_1-840x605-840x620.png' alt='' \/><\/a><\/div><\/div>            <div class=\"blog-post_content\">\n            <h3 class=\"blog-post_title\"><a href=\"https:\/\/observatoriodemedios.com.ar\/index.php\/2021\/04\/27\/divulgacion-del-proyecto-de-siniestros-viales\/\">Divulgaci\u00f3n del Proyecto de Siniestros viales<\/a><\/h3>\n                <div class='blog-post_meta-desc'>  \n                                    <\/div>\n\n                            <\/div>\n        <\/div>\n    <\/div>\n    <\/div><div class=\"wgl_col-3 item\">\n    <div class=\"blog-post  format-standard-image\">\n        <div class=\"blog-post_wrapper\">\n\n            <div class=\"blog-post_media\"><div class=\"blog-post_media_part\"><a href=\"https:\/\/observatoriodemedios.com.ar\/index.php\/2021\/03\/19\/siniestros-viales-segundo-proyecto-interdisciplinario\/\" class=\"blog-post_feature-link\"><img src='https:\/\/observatoriodemedios.com.ar\/wp-content\/uploads\/2021\/03\/Siniestros-viales-olavarria-840x275-840x620.png' alt='' \/><\/a><\/div><\/div>            <div class=\"blog-post_content\">\n            <h3 class=\"blog-post_title\"><a href=\"https:\/\/observatoriodemedios.com.ar\/index.php\/2021\/03\/19\/siniestros-viales-segundo-proyecto-interdisciplinario\/\">Siniestros viales: segundo Proyecto interdisciplinario<\/a><\/h3>\n                <div class='blog-post_meta-desc'>  \n                                    <\/div>\n\n                            <\/div>\n        <\/div>\n    <\/div>\n    <\/div><div class=\"wgl_col-3 item\">\n    <div class=\"blog-post  format-standard-image\">\n        <div class=\"blog-post_wrapper\">\n\n            <div class=\"blog-post_media\"><div class=\"blog-post_media_part\"><a href=\"https:\/\/observatoriodemedios.com.ar\/index.php\/2020\/08\/04\/talleres-en-las-escuelas-de-la-investigacion-a-la-extension\/\" class=\"blog-post_feature-link\"><img src='https:\/\/observatoriodemedios.com.ar\/wp-content\/uploads\/2020\/08\/talleres-840x620.png' alt='' \/><\/a><\/div><\/div>            <div class=\"blog-post_content\">\n            <h3 class=\"blog-post_title\"><a href=\"https:\/\/observatoriodemedios.com.ar\/index.php\/2020\/08\/04\/talleres-en-las-escuelas-de-la-investigacion-a-la-extension\/\">Talleres en las escuelas: de la investigaci\u00f3n a la extensi\u00f3n<\/a><\/h3>\n                <div class='blog-post_meta-desc'>  \n                                    <\/div>\n\n                            <\/div>\n        <\/div>\n    <\/div>\n    <\/div><div class=\"wgl_col-3 item\">\n    <div class=\"blog-post  format-standard-image\">\n        <div class=\"blog-post_wrapper\">\n\n            <div class=\"blog-post_media\"><div class=\"blog-post_media_part\"><a href=\"https:\/\/observatoriodemedios.com.ar\/index.php\/2020\/08\/02\/la-catedra-taller-ii-se-sumo-al-proyecto-de-siniestros-viales\/\" class=\"blog-post_feature-link\"><img src='https:\/\/observatoriodemedios.com.ar\/wp-content\/uploads\/2020\/08\/Screenshot_3-840x620.png' alt='' \/><\/a><\/div><\/div>            <div class=\"blog-post_content\">\n            <h3 class=\"blog-post_title\"><a href=\"https:\/\/observatoriodemedios.com.ar\/index.php\/2020\/08\/02\/la-catedra-taller-ii-se-sumo-al-proyecto-de-siniestros-viales\/\">La c\u00e1tedra Taller II se sum\u00f3 al Proyecto de Siniestros viales<\/a><\/h3>\n                <div class='blog-post_meta-desc'>  \n                                    <\/div>\n\n                            <\/div>\n        <\/div>\n    <\/div>\n    <\/div><\/div><\/div><\/div><\/div>                <\/div>\n        <\/section>\t\t<\/div>\n\t\t\t\t<\/div>\n\t\t\t\t\t\t<\/div>\n\t\t\t\t\t<\/div>\n\t\t<\/div>\n\t\t\t\t\t\t\t\t<\/div>\n\t\t\t\t\t<\/div>\n\t\t<\/section>\n\t\t\t\t\t\t<\/div>\n\t\t\t\t\t\t<\/div>\n\t\t\t\t\t<\/div>\n\t\t","protected":false},"excerpt":{"rendered":"<p>L\u00ednea Siniestros viales y Medios de comunicaci\u00f3n En la L\u00ednea de Investigaci\u00f3n sobre el tratamiento noticioso de los siniestros viales nos centramos en el abordaje comunicacional del problema, entendiendo a este fen\u00f3meno como multicausal y complejo. En este sentido tenemos diferentes proyectos de investigaci\u00f3n y extensi\u00f3n aprobados en los cuales trabajamos junto a especialistas de [&hellip;]<\/p>\n","protected":false},"author":2,"featured_media":0,"parent":0,"menu_order":0,"comment_status":"closed","ping_status":"closed","template":"","meta":[],"_links":{"self":[{"href":"https:\/\/observatoriodemedios.com.ar\/index.php\/wp-json\/wp\/v2\/pages\/2380"}],"collection":[{"href":"https:\/\/observatoriodemedios.com.ar\/index.php\/wp-json\/wp\/v2\/pages"}],"about":[{"href":"https:\/\/observatoriodemedios.com.ar\/index.php\/wp-json\/wp\/v2\/types\/page"}],"author":[{"embeddable":true,"href":"https:\/\/observatoriodemedios.com.ar\/index.php\/wp-json\/wp\/v2\/users\/2"}],"replies":[{"embeddable":true,"href":"https:\/\/observatoriodemedios.com.ar\/index.php\/wp-json\/wp\/v2\/comments?post=2380"}],"version-history":[{"count":18,"href":"https:\/\/observatoriodemedios.com.ar\/index.php\/wp-json\/wp\/v2\/pages\/2380\/revisions"}],"predecessor-version":[{"id":2740,"href":"https:\/\/observatoriodemedios.com.ar\/index.php\/wp-json\/wp\/v2\/pages\/2380\/revisions\/2740"}],"wp:attachment":[{"href":"https:\/\/observatoriodemedios.com.ar\/index.php\/wp-json\/wp\/v2\/media?parent=2380"}],"curies":[{"name":"wp","href":"https:\/\/api.w.org\/{rel}","templated":true}]}}