{"id":284,"date":"2019-12-20T15:58:07","date_gmt":"2019-12-20T15:58:07","guid":{"rendered":"https:\/\/virtus.wgl-demo.net\/?page_id=284"},"modified":"2020-08-05T23:27:35","modified_gmt":"2020-08-05T23:27:35","slug":"lineas-de-investigacion","status":"publish","type":"page","link":"https:\/\/observatoriodemedios.com.ar\/index.php\/lineas-de-investigacion\/","title":{"rendered":"L\u00edneas de investigaci\u00f3n"},"content":{"rendered":"\t\t<div data-elementor-type=\"wp-page\" data-elementor-id=\"284\" class=\"elementor elementor-284\" data-elementor-settings=\"[]\">\n\t\t\t\t\t\t<div class=\"elementor-inner\">\n\t\t\t\t\t\t\t<div class=\"elementor-section-wrap\">\n\t\t\t\t\t\t\t<section class=\"elementor-section elementor-top-section elementor-element elementor-element-f33be95 elementor-section-boxed elementor-section-height-default elementor-section-height-default\" data-id=\"f33be95\" data-element_type=\"section\">\n\t\t\t\t\t\t<div class=\"elementor-container elementor-column-gap-default\">\n\t\t\t\t\t\t\t<div class=\"elementor-row\">\n\t\t\t\t\t<div class=\"elementor-column elementor-col-33 elementor-top-column elementor-element elementor-element-c694841\" data-id=\"c694841\" data-element_type=\"column\">\n\t\t\t<div class=\"elementor-column-wrap elementor-element-populated\">\n\t\t\t\t\t\t\t<div class=\"elementor-widget-wrap\">\n\t\t\t\t\t\t<div class=\"elementor-element elementor-element-b323a8d elementor-widget elementor-widget-wgl-demo-item\" data-id=\"b323a8d\" data-element_type=\"widget\" data-widget_type=\"wgl-demo-item.default\">\n\t\t\t\t<div class=\"elementor-widget-container\">\n\t\t\t        <div class=\"wgl-demo-item \">\n            <div class=\"demo-item_title-wrap\">                    <div class=\"demo-item_image-wrap\">\n                        <a class=\"demo-item_image-link\" href=\"https:\/\/observatoriodemedios.com.ar\/index.php\/fake-news-y-desinformacion\/\" target=\"_blank\"><img class=\"demo-item_image\" src=\"https:\/\/observatoriodemedios.com.ar\/wp-content\/uploads\/2020\/07\/fakenews-1.png\" alt=\"Fake News y desinformaci\u00f3n\" \/><\/a>                            <a class=\"wgl-button elementor-button elementor-size-xl\" href=\"https:\/\/observatoriodemedios.com.ar\/index.php\/fake-news-y-desinformacion\/\" target=\"_blank\">Conocer<\/a>                    <\/div>                    <a class=\"demo-item_title-link\" href=\"https:\/\/observatoriodemedios.com.ar\/index.php\/fake-news-y-desinformacion\/\" target=\"_blank\"><h3 class=\"demo-item_title\"><span class=\"demo-item_subtitle\"><\/span>Fake News y desinformaci\u00f3n<\/h3><\/a>            <\/div>\n        <\/div>\n\n        \t\t<\/div>\n\t\t\t\t<\/div>\n\t\t\t\t\t\t<\/div>\n\t\t\t\t\t<\/div>\n\t\t<\/div>\n\t\t\t\t<div class=\"elementor-column elementor-col-33 elementor-top-column elementor-element elementor-element-a0d85e7\" data-id=\"a0d85e7\" data-element_type=\"column\">\n\t\t\t<div class=\"elementor-column-wrap elementor-element-populated\">\n\t\t\t\t\t\t\t<div class=\"elementor-widget-wrap\">\n\t\t\t\t\t\t<div class=\"elementor-element elementor-element-d060948 elementor-widget elementor-widget-wgl-demo-item\" data-id=\"d060948\" data-element_type=\"widget\" data-widget_type=\"wgl-demo-item.default\">\n\t\t\t\t<div class=\"elementor-widget-container\">\n\t\t\t        <div class=\"wgl-demo-item \">\n            <div class=\"demo-item_title-wrap\">                    <div class=\"demo-item_image-wrap\">\n                        <a class=\"demo-item_image-link\" href=\"https:\/\/observatoriodemedios.com.ar\/index.php\/siniestros-viales-y-medios-de-comunicacion\/\" target=\"_blank\"><img class=\"demo-item_image\" src=\"https:\/\/observatoriodemedios.com.ar\/wp-content\/uploads\/2020\/07\/siniestrosviales-1.png\" alt=\"Siniestros viales y medios de comunicaci\u00f3n\" \/><\/a>                            <a class=\"wgl-button elementor-button elementor-size-xl\" href=\"https:\/\/observatoriodemedios.com.ar\/index.php\/siniestros-viales-y-medios-de-comunicacion\/\" target=\"_blank\">Conocer<\/a>                    <\/div>                    <a class=\"demo-item_title-link\" href=\"https:\/\/observatoriodemedios.com.ar\/index.php\/siniestros-viales-y-medios-de-comunicacion\/\" target=\"_blank\"><h3 class=\"demo-item_title\"><span class=\"demo-item_subtitle\"><\/span>Siniestros viales y medios de comunicaci\u00f3n<\/h3><\/a>            <\/div>\n        <\/div>\n\n        \t\t<\/div>\n\t\t\t\t<\/div>\n\t\t\t\t\t\t<\/div>\n\t\t\t\t\t<\/div>\n\t\t<\/div>\n\t\t\t\t<div class=\"elementor-column elementor-col-33 elementor-top-column elementor-element elementor-element-6f3d712\" data-id=\"6f3d712\" data-element_type=\"column\">\n\t\t\t<div class=\"elementor-column-wrap elementor-element-populated\">\n\t\t\t\t\t\t\t<div class=\"elementor-widget-wrap\">\n\t\t\t\t\t\t<div class=\"elementor-element elementor-element-f125c79 elementor-widget elementor-widget-wgl-demo-item\" data-id=\"f125c79\" data-element_type=\"widget\" data-widget_type=\"wgl-demo-item.default\">\n\t\t\t\t<div class=\"elementor-widget-container\">\n\t\t\t        <div class=\"wgl-demo-item \">\n            <div class=\"demo-item_title-wrap\">                    <div class=\"demo-item_image-wrap\">\n                        <a class=\"demo-item_image-link\" href=\"https:\/\/observatoriodemedios.com.ar\/index.php\/observatorio-de-noticias-electorales\/\" target=\"_blank\"><img class=\"demo-item_image\" src=\"https:\/\/observatoriodemedios.com.ar\/wp-content\/uploads\/2020\/07\/campa\u00f1aselectorales-2.png\" alt=\"Observatorio de noticias electorales\" \/><\/a>                            <a class=\"wgl-button elementor-button elementor-size-xl\" href=\"https:\/\/observatoriodemedios.com.ar\/index.php\/observatorio-de-noticias-electorales\/\" target=\"_blank\">Conocer<\/a>                    <\/div>                    <a class=\"demo-item_title-link\" href=\"https:\/\/observatoriodemedios.com.ar\/index.php\/observatorio-de-noticias-electorales\/\" target=\"_blank\"><h3 class=\"demo-item_title\"><span class=\"demo-item_subtitle\"><\/span>Observatorio de Noticias electorales<\/h3><\/a>            <\/div>\n        <\/div>\n\n        \t\t<\/div>\n\t\t\t\t<\/div>\n\t\t\t\t\t\t<\/div>\n\t\t\t\t\t<\/div>\n\t\t<\/div>\n\t\t\t\t\t\t\t\t<\/div>\n\t\t\t\t\t<\/div>\n\t\t<\/section>\n\t\t\t\t<section class=\"elementor-section elementor-top-section elementor-element elementor-element-2714c77 elementor-section-boxed elementor-section-height-default elementor-section-height-default\" data-id=\"2714c77\" data-element_type=\"section\">\n\t\t\t\t\t\t<div class=\"elementor-container elementor-column-gap-default\">\n\t\t\t\t\t\t\t<div class=\"elementor-row\">\n\t\t\t\t\t<div class=\"elementor-column elementor-col-33 elementor-top-column elementor-element elementor-element-df6911c\" data-id=\"df6911c\" data-element_type=\"column\">\n\t\t\t<div class=\"elementor-column-wrap elementor-element-populated\">\n\t\t\t\t\t\t\t<div class=\"elementor-widget-wrap\">\n\t\t\t\t\t\t<div class=\"elementor-element elementor-element-ab6868a elementor-widget elementor-widget-wgl-demo-item\" data-id=\"ab6868a\" data-element_type=\"widget\" data-widget_type=\"wgl-demo-item.default\">\n\t\t\t\t<div class=\"elementor-widget-container\">\n\t\t\t        <div class=\"wgl-demo-item \">\n            <div class=\"demo-item_title-wrap\">                    <div class=\"demo-item_image-wrap\">\n                        <a class=\"demo-item_image-link\" href=\"https:\/\/observatoriodemedios.com.ar\/index.php\/observatorio-de-medios-regionales\/\" target=\"_blank\"><img class=\"demo-item_image\" src=\"https:\/\/observatoriodemedios.com.ar\/wp-content\/uploads\/2020\/07\/mediosregionales-1.png\" alt=\"Observatorio de medios regionales\" \/><\/a>                            <a class=\"wgl-button elementor-button elementor-size-xl\" href=\"https:\/\/observatoriodemedios.com.ar\/index.php\/observatorio-de-medios-regionales\/\" target=\"_blank\">Conocer<\/a>                    <\/div>                    <a class=\"demo-item_title-link\" href=\"https:\/\/observatoriodemedios.com.ar\/index.php\/observatorio-de-medios-regionales\/\" target=\"_blank\"><h3 class=\"demo-item_title\"><span class=\"demo-item_subtitle\"><\/span>Observatorio de medios regionales<\/h3><\/a>            <\/div>\n        <\/div>\n\n        \t\t<\/div>\n\t\t\t\t<\/div>\n\t\t\t\t\t\t<\/div>\n\t\t\t\t\t<\/div>\n\t\t<\/div>\n\t\t\t\t<div class=\"elementor-column elementor-col-33 elementor-top-column elementor-element elementor-element-33f6508\" data-id=\"33f6508\" data-element_type=\"column\">\n\t\t\t<div class=\"elementor-column-wrap elementor-element-populated\">\n\t\t\t\t\t\t\t<div class=\"elementor-widget-wrap\">\n\t\t\t\t\t\t<div class=\"elementor-element elementor-element-0ceb352 elementor-widget elementor-widget-wgl-demo-item\" data-id=\"0ceb352\" data-element_type=\"widget\" data-widget_type=\"wgl-demo-item.default\">\n\t\t\t\t<div class=\"elementor-widget-container\">\n\t\t\t        <div class=\"wgl-demo-item \">\n            <div class=\"demo-item_title-wrap\">                    <div class=\"demo-item_image-wrap\">\n                        <a class=\"demo-item_image-link\" href=\"https:\/\/observatoriodemedios.com.ar\/index.php\/practicas-periodisticas-y-rutinas-productivas\/\" target=\"_blank\"><img class=\"demo-item_image\" src=\"https:\/\/observatoriodemedios.com.ar\/wp-content\/uploads\/2020\/07\/rutinasperiodisticas-2.png\" alt=\"Pr\u00e1cticas period\u00edsticas y rutinas productivas\" \/><\/a>                            <a class=\"wgl-button elementor-button elementor-size-xl\" href=\"https:\/\/observatoriodemedios.com.ar\/index.php\/practicas-periodisticas-y-rutinas-productivas\/\" target=\"_blank\">Conocer<\/a>                    <\/div>                    <a class=\"demo-item_title-link\" href=\"https:\/\/observatoriodemedios.com.ar\/index.php\/practicas-periodisticas-y-rutinas-productivas\/\" target=\"_blank\"><h3 class=\"demo-item_title\"><span class=\"demo-item_subtitle\"><\/span>Pr\u00e1cticas period\u00edsticas y rutinas productivas<\/h3><\/a>            <\/div>\n        <\/div>\n\n        \t\t<\/div>\n\t\t\t\t<\/div>\n\t\t\t\t\t\t<\/div>\n\t\t\t\t\t<\/div>\n\t\t<\/div>\n\t\t\t\t<div class=\"elementor-column elementor-col-33 elementor-top-column elementor-element elementor-element-692e44a\" data-id=\"692e44a\" data-element_type=\"column\">\n\t\t\t<div class=\"elementor-column-wrap elementor-element-populated\">\n\t\t\t\t\t\t\t<div class=\"elementor-widget-wrap\">\n\t\t\t\t\t\t<div class=\"elementor-element elementor-element-ffecab3 elementor-widget elementor-widget-wgl-demo-item\" data-id=\"ffecab3\" data-element_type=\"widget\" data-widget_type=\"wgl-demo-item.default\">\n\t\t\t\t<div class=\"elementor-widget-container\">\n\t\t\t        <div class=\"wgl-demo-item \">\n            <div class=\"demo-item_title-wrap\">                    <div class=\"demo-item_image-wrap\">\n                        <a class=\"demo-item_image-link\" href=\"https:\/\/observatoriodemedios.com.ar\/index.php\/mapeo-y-estructura-de-medios\/\" target=\"_blank\"><img class=\"demo-item_image\" src=\"https:\/\/observatoriodemedios.com.ar\/wp-content\/uploads\/2020\/07\/coronavirus-1.png\" alt=\"Mapeo y estructura de Medios\" \/><\/a>                            <a class=\"wgl-button elementor-button elementor-size-xl\" href=\"https:\/\/observatoriodemedios.com.ar\/index.php\/mapeo-y-estructura-de-medios\/\" target=\"_blank\">Conocer<\/a>                    <\/div>                    <a class=\"demo-item_title-link\" href=\"https:\/\/observatoriodemedios.com.ar\/index.php\/mapeo-y-estructura-de-medios\/\" target=\"_blank\"><h3 class=\"demo-item_title\"><span class=\"demo-item_subtitle\"><\/span>Mapeo y estructura de medios<\/h3><\/a>            <\/div>\n        <\/div>\n\n        \t\t<\/div>\n\t\t\t\t<\/div>\n\t\t\t\t\t\t<\/div>\n\t\t\t\t\t<\/div>\n\t\t<\/div>\n\t\t\t\t\t\t\t\t<\/div>\n\t\t\t\t\t<\/div>\n\t\t<\/section>\n\t\t\t\t\t\t<\/div>\n\t\t\t\t\t\t<\/div>\n\t\t\t\t\t<\/div>\n\t\t","protected":false},"excerpt":{"rendered":"<p>Conocer Fake News y desinformaci\u00f3n Conocer Siniestros viales y medios de comunicaci\u00f3n Conocer Observatorio de Noticias electorales Conocer Observatorio de medios regionales Conocer Pr\u00e1cticas period\u00edsticas y rutinas productivas Conocer Mapeo y estructura de medios<\/p>\n","protected":false},"author":1,"featured_media":0,"parent":0,"menu_order":0,"comment_status":"closed","ping_status":"closed","template":"","meta":[],"_links":{"self":[{"href":"https:\/\/observatoriodemedios.com.ar\/index.php\/wp-json\/wp\/v2\/pages\/284"}],"collection":[{"href":"https:\/\/observatoriodemedios.com.ar\/index.php\/wp-json\/wp\/v2\/pages"}],"about":[{"href":"https:\/\/observatoriodemedios.com.ar\/index.php\/wp-json\/wp\/v2\/types\/page"}],"author":[{"embeddable":true,"href":"https:\/\/observatoriodemedios.com.ar\/index.php\/wp-json\/wp\/v2\/users\/1"}],"replies":[{"embeddable":true,"href":"https:\/\/observatoriodemedios.com.ar\/index.php\/wp-json\/wp\/v2\/comments?post=284"}],"version-history":[{"count":27,"href":"https:\/\/observatoriodemedios.com.ar\/index.php\/wp-json\/wp\/v2\/pages\/284\/revisions"}],"predecessor-version":[{"id":2494,"href":"https:\/\/observatoriodemedios.com.ar\/index.php\/wp-json\/wp\/v2\/pages\/284\/revisions\/2494"}],"wp:attachment":[{"href":"https:\/\/observatoriodemedios.com.ar\/index.php\/wp-json\/wp\/v2\/media?parent=284"}],"curies":[{"name":"wp","href":"https:\/\/api.w.org\/{rel}","templated":true}]}}