{"id":349,"date":"2019-12-21T13:22:33","date_gmt":"2019-12-21T13:22:33","guid":{"rendered":"https:\/\/virtus.wgl-demo.net\/?page_id=349"},"modified":"2020-12-31T15:18:08","modified_gmt":"2020-12-31T15:18:08","slug":"nosotres","status":"publish","type":"page","link":"https:\/\/observatoriodemedios.com.ar\/index.php\/nosotres\/","title":{"rendered":"Nosotres"},"content":{"rendered":"\t\t<div data-elementor-type=\"wp-page\" data-elementor-id=\"349\" class=\"elementor elementor-349\" data-elementor-settings=\"[]\">\n\t\t\t\t\t\t<div class=\"elementor-inner\">\n\t\t\t\t\t\t\t<div class=\"elementor-section-wrap\">\n\t\t\t\t\t\t\t<section class=\"elementor-section elementor-top-section elementor-element elementor-element-1ddf931 elementor-section-boxed elementor-section-height-default elementor-section-height-default\" data-id=\"1ddf931\" data-element_type=\"section\" data-settings=\"{&quot;background_background&quot;:&quot;classic&quot;}\">\n\t\t\t\t\t\t<div class=\"elementor-container elementor-column-gap-default\">\n\t\t\t\t\t\t\t<div class=\"elementor-row\">\n\t\t\t\t\t<div class=\"elementor-column elementor-col-100 elementor-top-column elementor-element elementor-element-2fefdd6\" data-id=\"2fefdd6\" data-element_type=\"column\">\n\t\t\t<div class=\"elementor-column-wrap elementor-element-populated\">\n\t\t\t\t\t\t\t<div class=\"elementor-widget-wrap\">\n\t\t\t\t\t\t<div class=\"elementor-element elementor-element-f00be78 elementor-widget elementor-widget-image\" data-id=\"f00be78\" data-element_type=\"widget\" data-widget_type=\"image.default\">\n\t\t\t\t<div class=\"elementor-widget-container\">\n\t\t\t\t\t\t\t\t<div class=\"elementor-image\">\n\t\t\t\t\t\t\t\t\t\t\t\t<img width=\"820\" height=\"312\" src=\"https:\/\/observatoriodemedios.com.ar\/wp-content\/uploads\/2020\/07\/Observatorio-de-medios-unicen.png\" class=\"attachment-large size-large\" alt=\"Imagen promocional del observatorio de medios unicen\" loading=\"lazy\" srcset=\"https:\/\/observatoriodemedios.com.ar\/wp-content\/uploads\/2020\/07\/Observatorio-de-medios-unicen.png 820w, https:\/\/observatoriodemedios.com.ar\/wp-content\/uploads\/2020\/07\/Observatorio-de-medios-unicen-300x114.png 300w, https:\/\/observatoriodemedios.com.ar\/wp-content\/uploads\/2020\/07\/Observatorio-de-medios-unicen-768x292.png 768w\" sizes=\"(max-width: 820px) 100vw, 820px\" \/>\t\t\t\t\t\t\t\t\t\t\t\t\t\t<\/div>\n\t\t\t\t\t\t<\/div>\n\t\t\t\t<\/div>\n\t\t\t\t\t\t<\/div>\n\t\t\t\t\t<\/div>\n\t\t<\/div>\n\t\t\t\t\t\t\t\t<\/div>\n\t\t\t\t\t<\/div>\n\t\t<\/section>\n\t\t\t\t<section class=\"elementor-section elementor-top-section elementor-element elementor-element-110ec13 elementor-section-boxed elementor-section-height-default elementor-section-height-default\" data-id=\"110ec13\" data-element_type=\"section\">\n\t\t\t\t\t\t\t<div class=\"elementor-background-overlay\"><\/div>\n\t\t\t\t\t\t\t<div class=\"elementor-container elementor-column-gap-default\">\n\t\t\t\t\t\t\t<div class=\"elementor-row\">\n\t\t\t\t\t<div class=\"elementor-column elementor-col-100 elementor-top-column elementor-element elementor-element-a1837c6\" data-id=\"a1837c6\" data-element_type=\"column\">\n\t\t\t<div class=\"elementor-column-wrap elementor-element-populated\">\n\t\t\t\t\t\t\t<div class=\"elementor-widget-wrap\">\n\t\t\t\t\t\t<div class=\"elementor-element elementor-element-c89e858 elementor-widget elementor-widget-heading\" data-id=\"c89e858\" data-element_type=\"widget\" data-widget_type=\"heading.default\">\n\t\t\t\t<div class=\"elementor-widget-container\">\n\t\t\t<h2 class=\"elementor-heading-title elementor-size-default\">Observatorio de Medios, Ciudadan\u00eda y Democracia<\/h2>\t\t<\/div>\n\t\t\t\t<\/div>\n\t\t\t\t<div class=\"elementor-element elementor-element-a7bedba elementor-widget elementor-widget-text-editor\" data-id=\"a7bedba\" data-element_type=\"widget\" data-widget_type=\"text-editor.default\">\n\t\t\t\t<div class=\"elementor-widget-container\">\n\t\t\t\t\t\t\t\t<div class=\"elementor-text-editor elementor-clearfix\">\n\t\t\t\t<p>El Observatorio de Medios, Ciudadan\u00eda y Democracia de la Universidad Nacional del Centro de la Provincia de Buenos Aires (UNICEN) surgi\u00f3 en el a\u00f1o 2018 como un espacio de investigaci\u00f3n sobre el discurso de los medios de comunicaci\u00f3n masiva de la ciudad de Olavarr\u00eda, la regi\u00f3n y el pa\u00eds.<\/p><p>El Observatorio de Medios, Ciudadan\u00eda y Democracia depende administrativamente de la Secretar\u00eda de Extensi\u00f3n de la Facultad de Ciencias Sociales (UNICEN), es dirigido por la Dra. M\u00f3nica Cohendoz y su coordinaci\u00f3n se enmarca en el N\u00facleo de Acceso al Conocimiento (NAC) \u201cEstudios de Comunicaci\u00f3n y Cultura en Olavarr\u00eda\u201d (ECCO). Est\u00e1 compuesto por 19 docentes, investigadores y becarios. Desde el a\u00f1o 2019, adem\u00e1s, el NAC ECCO es Centro Asociado de la Comisi\u00f3n de Investigaciones Cient\u00edfica de la Provincia de Buenos Aires (CIC-PBA).<\/p><p>La idea de un observatorio de medios naci\u00f3 como una iniciativa de monitorear contenidos, identificar problemas de investigaci\u00f3n en torno a los medios, facilitar la expresi\u00f3n y el intercambio de opiniones con los diferentes tipos de receptores sobre los temas de inter\u00e9s\u00a0 que poco a poco van constituyendo las agenda de comunicadores sociales y ciudadanos.<\/p><p>Tiene antecedentes en la propuesta del periodista Ignacio Ramonet de consolidar en el orbe un quinto poder a trav\u00e9s de la constituci\u00f3n de un Observatorio Internacional de Medios de Comunicaci\u00f3n, presentada en 2002, en el Foro Social Mundial en Porto Alegre, se materializa al a\u00f1o siguiente en el mismo evento. El discurso period\u00edstico produce estrategias para interpelar a la opini\u00f3n p\u00fablica a participar en los asuntos de inter\u00e9s general, en este sentido, nuestro an\u00e1lisis apunta a identificar \u00edndices de calidad period\u00edstica para promover el derecho a la comunicaci\u00f3n, la informaci\u00f3n y la libertad de expresi\u00f3n ciudadana.<\/p><p>El Observatorio de Medios, Ciudadan\u00eda y Democracia propone recopilaci\u00f3n de datos, realizada de modo sistem\u00e1tico y permanente sobre el discurso y tratamiento period\u00edstico de las noticias. A trav\u00e9s de una metodolog\u00eda de base que estudia el comportamiento de los medios de comunicaci\u00f3n sobre escenarios y temas de agenda de diversa naturaleza. Se presenta como una herramienta rigurosa de observaci\u00f3n para abordar los procesos period\u00edsticos a partir de un modelo te\u00f3rico-metodol\u00f3gico para el an\u00e1lisis del discurso y las pr\u00e1cticas de los profesionales.<\/p><p>Las categor\u00edas y los instrumentos de an\u00e1lisis de dicho modelo no s\u00f3lo permiten cuantificar la informaci\u00f3n que producen los medios monitoreados, sino tambi\u00e9n develar sus distintas operaciones en funci\u00f3n del objetivo de m\u00e1xima de todo proceso period\u00edstico: la construcci\u00f3n de agendas sociales.<\/p><p>Los prop\u00f3sitos del Observatorio de Medios, Ciudadan\u00eda y Democracia son:\u00a0<span style=\"font-size: 16px;\">Promover estrategias de observaci\u00f3n y an\u00e1lisis del discurso period\u00edstico;\u00a0<\/span><span style=\"font-size: 16px;\">Mapear sistem\u00e1ticamente los contenidos de los principales medios de la ciudad de Olavarr\u00eda, la regi\u00f3n y el pa\u00eds;\u00a0<\/span><span style=\"font-size: 16px;\">Realizar tareas de consultor\u00eda y asesoramiento en opini\u00f3n p\u00fablica y comunicaci\u00f3n\u00a0 pol\u00edtica;\u00a0<\/span><span style=\"font-size: 16px;\">Potenciar\u00a0 intercambios acad\u00e9micos con universidades y centros de investigaci\u00f3n local e internacional;\u00a0<\/span><span style=\"font-size: 16px;\">Consolidar un equipo interdisciplinario de investigaci\u00f3n;\u00a0<\/span><span style=\"font-size: 16px;\">Brindar un espacio de pr\u00e1cticas preprofesionales para iniciaci\u00f3n a la investigaci\u00f3n a estudiantes de la carrera de periodismo;\u00a0<\/span><span style=\"font-size: 16px;\">Contribuir a la actualizaci\u00f3n de la ense\u00f1anza en las c\u00e1tedras vinculadas a su campo de investigaci\u00f3n.<\/span><\/p><div>\u00a0<\/div>\t\t\t\t\t<\/div>\n\t\t\t\t\t\t<\/div>\n\t\t\t\t<\/div>\n\t\t\t\t\t\t<\/div>\n\t\t\t\t\t<\/div>\n\t\t<\/div>\n\t\t\t\t\t\t\t\t<\/div>\n\t\t\t\t\t<\/div>\n\t\t<\/section>\n\t\t\t\t<section class=\"elementor-section elementor-top-section elementor-element elementor-element-a23a949 elementor-section-boxed elementor-section-height-default elementor-section-height-default\" data-id=\"a23a949\" data-element_type=\"section\">\n\t\t\t\t\t\t<div class=\"elementor-container elementor-column-gap-default\">\n\t\t\t\t\t\t\t<div class=\"elementor-row\">\n\t\t\t\t\t<div class=\"elementor-column elementor-col-33 elementor-top-column elementor-element elementor-element-acb5678\" data-id=\"acb5678\" data-element_type=\"column\">\n\t\t\t<div class=\"elementor-column-wrap elementor-element-populated\">\n\t\t\t\t\t\t\t<div class=\"elementor-widget-wrap\">\n\t\t\t\t\t\t<div class=\"elementor-element elementor-element-a3a77d6 elementor-widget elementor-widget-image\" data-id=\"a3a77d6\" data-element_type=\"widget\" data-widget_type=\"image.default\">\n\t\t\t\t<div class=\"elementor-widget-container\">\n\t\t\t\t\t\t\t\t<div class=\"elementor-image\">\n\t\t\t\t\t\t\t\t\t\t\t\t\t<a href=\"https:\/\/drive.google.com\/file\/d\/1xYwBIkEbE6jEMZKitJy8SVRBKQOPLDQc\/view?usp=sharing\" target=\"_blank\" rel=\"nofollow\">\n\t\t\t\t\t\t\t<img src=\"https:\/\/observatoriodemedios.com.ar\/wp-content\/uploads\/elementor\/thumbs\/anuario-2020-p0ojs3b00be9rw64z2aec3lsc6xdxguud3swounwig.png\" title=\"anuario 2020\" alt=\"anuario 2020\" \/>\t\t\t\t\t\t\t\t<\/a>\n\t\t\t\t\t\t\t\t\t\t\t\t\t\t<\/div>\n\t\t\t\t\t\t<\/div>\n\t\t\t\t<\/div>\n\t\t\t\t\t\t<\/div>\n\t\t\t\t\t<\/div>\n\t\t<\/div>\n\t\t\t\t<div class=\"elementor-column elementor-col-33 elementor-top-column elementor-element elementor-element-0884380\" data-id=\"0884380\" data-element_type=\"column\">\n\t\t\t<div class=\"elementor-column-wrap elementor-element-populated\">\n\t\t\t\t\t\t\t<div class=\"elementor-widget-wrap\">\n\t\t\t\t\t\t<div class=\"elementor-element elementor-element-fb24bf8 elementor-widget elementor-widget-image\" data-id=\"fb24bf8\" data-element_type=\"widget\" data-widget_type=\"image.default\">\n\t\t\t\t<div class=\"elementor-widget-container\">\n\t\t\t\t\t\t\t\t<div class=\"elementor-image\">\n\t\t\t\t\t\t\t\t\t\t\t\t\t<a href=\"https:\/\/drive.google.com\/file\/d\/1ZQhry4_p0idZNTPsDDoAh-qNdM0hU4vz\/view?usp=sharing\" target=\"_blank\" rel=\"nofollow\">\n\t\t\t\t\t\t\t<img width=\"800\" height=\"800\" src=\"https:\/\/observatoriodemedios.com.ar\/wp-content\/uploads\/2020\/07\/Anuario-2019-del-observatorio-de-medios-ciudadania-y-democracia-unicen-olavarria.png\" class=\"attachment-large size-large\" alt=\"Anuario 2019 del observatorio de medios ciudadania y democracia unicen olavarria\" loading=\"lazy\" srcset=\"https:\/\/observatoriodemedios.com.ar\/wp-content\/uploads\/2020\/07\/Anuario-2019-del-observatorio-de-medios-ciudadania-y-democracia-unicen-olavarria.png 800w, https:\/\/observatoriodemedios.com.ar\/wp-content\/uploads\/2020\/07\/Anuario-2019-del-observatorio-de-medios-ciudadania-y-democracia-unicen-olavarria-300x300.png 300w, https:\/\/observatoriodemedios.com.ar\/wp-content\/uploads\/2020\/07\/Anuario-2019-del-observatorio-de-medios-ciudadania-y-democracia-unicen-olavarria-150x150.png 150w, https:\/\/observatoriodemedios.com.ar\/wp-content\/uploads\/2020\/07\/Anuario-2019-del-observatorio-de-medios-ciudadania-y-democracia-unicen-olavarria-768x768.png 768w, https:\/\/observatoriodemedios.com.ar\/wp-content\/uploads\/2020\/07\/Anuario-2019-del-observatorio-de-medios-ciudadania-y-democracia-unicen-olavarria-440x440.png 440w, https:\/\/observatoriodemedios.com.ar\/wp-content\/uploads\/2020\/07\/Anuario-2019-del-observatorio-de-medios-ciudadania-y-democracia-unicen-olavarria-180x180.png 180w, https:\/\/observatoriodemedios.com.ar\/wp-content\/uploads\/2020\/07\/Anuario-2019-del-observatorio-de-medios-ciudadania-y-democracia-unicen-olavarria-120x120.png 120w, https:\/\/observatoriodemedios.com.ar\/wp-content\/uploads\/2020\/07\/Anuario-2019-del-observatorio-de-medios-ciudadania-y-democracia-unicen-olavarria-100x100.png 100w\" sizes=\"(max-width: 800px) 100vw, 800px\" \/>\t\t\t\t\t\t\t\t<\/a>\n\t\t\t\t\t\t\t\t\t\t\t\t\t\t<\/div>\n\t\t\t\t\t\t<\/div>\n\t\t\t\t<\/div>\n\t\t\t\t\t\t<\/div>\n\t\t\t\t\t<\/div>\n\t\t<\/div>\n\t\t\t\t<div class=\"elementor-column elementor-col-33 elementor-top-column elementor-element elementor-element-220bc90\" data-id=\"220bc90\" data-element_type=\"column\">\n\t\t\t<div class=\"elementor-column-wrap elementor-element-populated\">\n\t\t\t\t\t\t\t<div class=\"elementor-widget-wrap\">\n\t\t\t\t\t\t<div class=\"elementor-element elementor-element-dbb51f9 elementor-widget elementor-widget-image\" data-id=\"dbb51f9\" data-element_type=\"widget\" data-widget_type=\"image.default\">\n\t\t\t\t<div class=\"elementor-widget-container\">\n\t\t\t\t\t\t\t\t<div class=\"elementor-image\">\n\t\t\t\t\t\t\t\t\t\t\t\t\t<a href=\"https:\/\/drive.google.com\/file\/d\/1chU3o9ap4ZjFI9cJiBoOYe7LfBOb7wt8\/view?usp=sharing\" target=\"_blank\" rel=\"nofollow\">\n\t\t\t\t\t\t\t<img width=\"800\" height=\"800\" src=\"https:\/\/observatoriodemedios.com.ar\/wp-content\/uploads\/2020\/07\/Anuario-2018-del-observatorio-de-medios-ciudadania-y-democracia-unicen-olavarria.png\" class=\"attachment-large size-large\" alt=\"Anuario 2018 del observatorio de medios ciudadania y democracia unicen olavarria\" loading=\"lazy\" srcset=\"https:\/\/observatoriodemedios.com.ar\/wp-content\/uploads\/2020\/07\/Anuario-2018-del-observatorio-de-medios-ciudadania-y-democracia-unicen-olavarria.png 800w, https:\/\/observatoriodemedios.com.ar\/wp-content\/uploads\/2020\/07\/Anuario-2018-del-observatorio-de-medios-ciudadania-y-democracia-unicen-olavarria-300x300.png 300w, https:\/\/observatoriodemedios.com.ar\/wp-content\/uploads\/2020\/07\/Anuario-2018-del-observatorio-de-medios-ciudadania-y-democracia-unicen-olavarria-150x150.png 150w, https:\/\/observatoriodemedios.com.ar\/wp-content\/uploads\/2020\/07\/Anuario-2018-del-observatorio-de-medios-ciudadania-y-democracia-unicen-olavarria-768x768.png 768w, https:\/\/observatoriodemedios.com.ar\/wp-content\/uploads\/2020\/07\/Anuario-2018-del-observatorio-de-medios-ciudadania-y-democracia-unicen-olavarria-440x440.png 440w, https:\/\/observatoriodemedios.com.ar\/wp-content\/uploads\/2020\/07\/Anuario-2018-del-observatorio-de-medios-ciudadania-y-democracia-unicen-olavarria-180x180.png 180w, https:\/\/observatoriodemedios.com.ar\/wp-content\/uploads\/2020\/07\/Anuario-2018-del-observatorio-de-medios-ciudadania-y-democracia-unicen-olavarria-120x120.png 120w, https:\/\/observatoriodemedios.com.ar\/wp-content\/uploads\/2020\/07\/Anuario-2018-del-observatorio-de-medios-ciudadania-y-democracia-unicen-olavarria-100x100.png 100w\" sizes=\"(max-width: 800px) 100vw, 800px\" \/>\t\t\t\t\t\t\t\t<\/a>\n\t\t\t\t\t\t\t\t\t\t\t\t\t\t<\/div>\n\t\t\t\t\t\t<\/div>\n\t\t\t\t<\/div>\n\t\t\t\t\t\t<\/div>\n\t\t\t\t\t<\/div>\n\t\t<\/div>\n\t\t\t\t\t\t\t\t<\/div>\n\t\t\t\t\t<\/div>\n\t\t<\/section>\n\t\t\t\t\t\t<\/div>\n\t\t\t\t\t\t<\/div>\n\t\t\t\t\t<\/div>\n\t\t","protected":false},"excerpt":{"rendered":"<p>Observatorio de Medios, Ciudadan\u00eda y Democracia El Observatorio de Medios, Ciudadan\u00eda y Democracia de la Universidad Nacional del Centro de la Provincia de Buenos Aires (UNICEN) surgi\u00f3 en el a\u00f1o 2018 como un espacio de investigaci\u00f3n sobre el discurso de los medios de comunicaci\u00f3n masiva de la ciudad de Olavarr\u00eda, la regi\u00f3n y el pa\u00eds. [&hellip;]<\/p>\n","protected":false},"author":1,"featured_media":0,"parent":0,"menu_order":0,"comment_status":"closed","ping_status":"closed","template":"","meta":[],"_links":{"self":[{"href":"https:\/\/observatoriodemedios.com.ar\/index.php\/wp-json\/wp\/v2\/pages\/349"}],"collection":[{"href":"https:\/\/observatoriodemedios.com.ar\/index.php\/wp-json\/wp\/v2\/pages"}],"about":[{"href":"https:\/\/observatoriodemedios.com.ar\/index.php\/wp-json\/wp\/v2\/types\/page"}],"author":[{"embeddable":true,"href":"https:\/\/observatoriodemedios.com.ar\/index.php\/wp-json\/wp\/v2\/users\/1"}],"replies":[{"embeddable":true,"href":"https:\/\/observatoriodemedios.com.ar\/index.php\/wp-json\/wp\/v2\/comments?post=349"}],"version-history":[{"count":34,"href":"https:\/\/observatoriodemedios.com.ar\/index.php\/wp-json\/wp\/v2\/pages\/349\/revisions"}],"predecessor-version":[{"id":2610,"href":"https:\/\/observatoriodemedios.com.ar\/index.php\/wp-json\/wp\/v2\/pages\/349\/revisions\/2610"}],"wp:attachment":[{"href":"https:\/\/observatoriodemedios.com.ar\/index.php\/wp-json\/wp\/v2\/media?parent=349"}],"curies":[{"name":"wp","href":"https:\/\/api.w.org\/{rel}","templated":true}]}}