{"id":712,"date":"2019-12-26T16:08:08","date_gmt":"2019-12-26T16:08:08","guid":{"rendered":"https:\/\/virtus.wgl-demo.net\/?page_id=712"},"modified":"2024-07-02T17:49:10","modified_gmt":"2024-07-02T17:49:10","slug":"equipo","status":"publish","type":"page","link":"https:\/\/observatoriodemedios.com.ar\/index.php\/equipo\/","title":{"rendered":"Equipo"},"content":{"rendered":"\t\t<div data-elementor-type=\"wp-page\" data-elementor-id=\"712\" class=\"elementor elementor-712\" data-elementor-settings=\"[]\">\n\t\t\t\t\t\t<div class=\"elementor-inner\">\n\t\t\t\t\t\t\t<div class=\"elementor-section-wrap\">\n\t\t\t\t\t\t\t<section class=\"elementor-section elementor-top-section elementor-element elementor-element-5ddf0e1 elementor-section-boxed elementor-section-height-default elementor-section-height-default\" data-id=\"5ddf0e1\" data-element_type=\"section\">\n\t\t\t\t\t\t<div class=\"elementor-container elementor-column-gap-default\">\n\t\t\t\t\t\t\t<div class=\"elementor-row\">\n\t\t\t\t\t<div class=\"elementor-column elementor-col-100 elementor-top-column elementor-element elementor-element-29a164c\" data-id=\"29a164c\" data-element_type=\"column\">\n\t\t\t<div class=\"elementor-column-wrap elementor-element-populated\">\n\t\t\t\t\t\t\t<div class=\"elementor-widget-wrap\">\n\t\t\t\t\t\t<div class=\"elementor-element elementor-element-921b019 elementor-widget elementor-widget-spacer\" data-id=\"921b019\" data-element_type=\"widget\" data-widget_type=\"spacer.default\">\n\t\t\t\t<div class=\"elementor-widget-container\">\n\t\t\t\t\t<div class=\"elementor-spacer\">\n\t\t\t<div class=\"elementor-spacer-inner\"><\/div>\n\t\t<\/div>\n\t\t\t\t<\/div>\n\t\t\t\t<\/div>\n\t\t\t\t\t\t<\/div>\n\t\t\t\t\t<\/div>\n\t\t<\/div>\n\t\t\t\t\t\t\t\t<\/div>\n\t\t\t\t\t<\/div>\n\t\t<\/section>\n\t\t\t\t<section class=\"elementor-section elementor-top-section elementor-element elementor-element-b8366fa elementor-section-boxed elementor-section-height-default elementor-section-height-default\" data-id=\"b8366fa\" data-element_type=\"section\">\n\t\t\t\t\t\t<div class=\"elementor-container elementor-column-gap-default\">\n\t\t\t\t\t\t\t<div class=\"elementor-row\">\n\t\t\t\t\t<div class=\"elementor-column elementor-col-100 elementor-top-column elementor-element elementor-element-23be8bf\" data-id=\"23be8bf\" data-element_type=\"column\">\n\t\t\t<div class=\"elementor-column-wrap elementor-element-populated\">\n\t\t\t\t\t\t\t<div class=\"elementor-widget-wrap\">\n\t\t\t\t\t\t<div class=\"elementor-element elementor-element-862c0bc elementor-widget elementor-widget-heading\" data-id=\"862c0bc\" data-element_type=\"widget\" data-widget_type=\"heading.default\">\n\t\t\t\t<div class=\"elementor-widget-container\">\n\t\t\t<h2 class=\"elementor-heading-title elementor-size-default\">El equipo del Observatorio<\/h2>\t\t<\/div>\n\t\t\t\t<\/div>\n\t\t\t\t\t\t<\/div>\n\t\t\t\t\t<\/div>\n\t\t<\/div>\n\t\t\t\t\t\t\t\t<\/div>\n\t\t\t\t\t<\/div>\n\t\t<\/section>\n\t\t\t\t<section class=\"elementor-section elementor-top-section elementor-element elementor-element-fb64e4c elementor-section-boxed elementor-section-height-default elementor-section-height-default\" data-id=\"fb64e4c\" data-element_type=\"section\">\n\t\t\t\t\t\t<div class=\"elementor-container elementor-column-gap-default\">\n\t\t\t\t\t\t\t<div class=\"elementor-row\">\n\t\t\t\t\t<div class=\"elementor-column elementor-col-100 elementor-top-column elementor-element elementor-element-7c99260\" data-id=\"7c99260\" data-element_type=\"column\">\n\t\t\t<div class=\"elementor-column-wrap elementor-element-populated\">\n\t\t\t\t\t\t\t<div class=\"elementor-widget-wrap\">\n\t\t\t\t\t\t<div class=\"elementor-element elementor-element-0c723b1 elementor-widget elementor-widget-spacer\" data-id=\"0c723b1\" data-element_type=\"widget\" data-widget_type=\"spacer.default\">\n\t\t\t\t<div class=\"elementor-widget-container\">\n\t\t\t\t\t<div class=\"elementor-spacer\">\n\t\t\t<div class=\"elementor-spacer-inner\"><\/div>\n\t\t<\/div>\n\t\t\t\t<\/div>\n\t\t\t\t<\/div>\n\t\t\t\t\t\t<\/div>\n\t\t\t\t\t<\/div>\n\t\t<\/div>\n\t\t\t\t\t\t\t\t<\/div>\n\t\t\t\t\t<\/div>\n\t\t<\/section>\n\t\t\t\t<section class=\"elementor-section elementor-top-section elementor-element elementor-element-ef3ba54 elementor-section-boxed elementor-section-height-default elementor-section-height-default\" data-id=\"ef3ba54\" data-element_type=\"section\">\n\t\t\t\t\t\t<div class=\"elementor-container elementor-column-gap-default\">\n\t\t\t\t\t\t\t<div class=\"elementor-row\">\n\t\t\t\t\t<div class=\"elementor-column elementor-col-100 elementor-top-column elementor-element elementor-element-b67c0e9\" data-id=\"b67c0e9\" data-element_type=\"column\">\n\t\t\t<div class=\"elementor-column-wrap elementor-element-populated\">\n\t\t\t\t\t\t\t<div class=\"elementor-widget-wrap\">\n\t\t\t\t\t\t<div class=\"elementor-element elementor-element-f6116c9 elementor-widget elementor-widget-text-editor\" data-id=\"f6116c9\" data-element_type=\"widget\" data-widget_type=\"text-editor.default\">\n\t\t\t\t<div class=\"elementor-widget-container\">\n\t\t\t\t\t\t\t\t<div class=\"elementor-text-editor elementor-clearfix\">\n\t\t\t\t<p>Les integrantes de este equipo son investigadores adem\u00e1s del N\u00facleo de Acceso al Conocimiento &#8220;Estudios de Comunicaci\u00f3n y Cultura en Olavarr\u00eda&#8221; (ECCO)<\/p>\t\t\t\t\t<\/div>\n\t\t\t\t\t\t<\/div>\n\t\t\t\t<\/div>\n\t\t\t\t\t\t<\/div>\n\t\t\t\t\t<\/div>\n\t\t<\/div>\n\t\t\t\t\t\t\t\t<\/div>\n\t\t\t\t\t<\/div>\n\t\t<\/section>\n\t\t\t\t<section class=\"elementor-section elementor-top-section elementor-element elementor-element-37ccc7f elementor-section-boxed elementor-section-height-default elementor-section-height-default\" data-id=\"37ccc7f\" data-element_type=\"section\">\n\t\t\t\t\t\t<div class=\"elementor-container elementor-column-gap-default\">\n\t\t\t\t\t\t\t<div class=\"elementor-row\">\n\t\t\t\t\t<div class=\"elementor-column elementor-col-100 elementor-top-column elementor-element elementor-element-0d9fda8\" data-id=\"0d9fda8\" data-element_type=\"column\">\n\t\t\t<div class=\"elementor-column-wrap elementor-element-populated\">\n\t\t\t\t\t\t\t<div class=\"elementor-widget-wrap\">\n\t\t\t\t\t\t<div class=\"elementor-element elementor-element-e84e141 elementor-widget elementor-widget-spacer\" data-id=\"e84e141\" data-element_type=\"widget\" data-widget_type=\"spacer.default\">\n\t\t\t\t<div class=\"elementor-widget-container\">\n\t\t\t\t\t<div class=\"elementor-spacer\">\n\t\t\t<div class=\"elementor-spacer-inner\"><\/div>\n\t\t<\/div>\n\t\t\t\t<\/div>\n\t\t\t\t<\/div>\n\t\t\t\t\t\t<\/div>\n\t\t\t\t\t<\/div>\n\t\t<\/div>\n\t\t\t\t\t\t\t\t<\/div>\n\t\t\t\t\t<\/div>\n\t\t<\/section>\n\t\t\t\t<section class=\"elementor-section elementor-top-section elementor-element elementor-element-f8cc8a0 elementor-section-boxed elementor-section-height-default elementor-section-height-default\" data-id=\"f8cc8a0\" data-element_type=\"section\">\n\t\t\t\t\t\t<div class=\"elementor-container elementor-column-gap-default\">\n\t\t\t\t\t\t\t<div class=\"elementor-row\">\n\t\t\t\t\t<div class=\"elementor-column elementor-col-100 elementor-top-column elementor-element elementor-element-6dc0eb2\" data-id=\"6dc0eb2\" data-element_type=\"column\">\n\t\t\t<div class=\"elementor-column-wrap elementor-element-populated\">\n\t\t\t\t\t\t\t<div class=\"elementor-widget-wrap\">\n\t\t\t\t\t\t<div class=\"elementor-element elementor-element-be39d3b elementor-widget elementor-widget-wgl-team\" data-id=\"be39d3b\" data-element_type=\"widget\" data-widget_type=\"wgl-team.default\">\n\t\t\t\t<div class=\"elementor-widget-container\">\n\t\t\t\n        <div class=\"wgl_module_team team-col_3 acenter\">\n            <div class=\"team-items_wrap\">\n                <div class=\"team-item\"><div class=\"team-item_wrap\"><div class=\"team-item_content\"><div class=\"team-image\"><img src=\"https:\/\/observatoriodemedios.com.ar\/wp-content\/uploads\/2019\/12\/Screenshot_2-380x380.png\" alt=\"Mar\u00eda Victoria Ennis\" \/><\/div><\/div><div class=\"team-item_info\"><div class=\"team-item_titles\"><h2 class=\"team-title\"><a href=\"https:\/\/observatoriodemedios.com.ar\/index.php\/team\/mag-maria-victoria-ennis\/\">M\u00e1g. Mar\u00eda Victoria Ennis<\/a><\/h2><div class=\"team-meta_info\"><div class=\"team-department\">Investigadora<\/div><\/div><\/div><div class=\"team-info_icons\"><a href=\"https:\/\/twitter.com\/victyennis\" class=\"team-icon fab fa-twitter\"><\/a><a href=\"https:\/\/victoriaennis.wordpress.com\/\" class=\"team-icon fab fa-wordpress\"><\/a><a href=\"https:\/\/www.linkedin.com\/in\/victoria-ennis-346a067b\/\" class=\"team-icon fab fa-linkedin\"><\/a><\/div><div class=\"team-item_excerpt\">M\u00e1ster en Periodismo por la Universidad Aut\u00f3noma de Madrid, Licenciada en Comunicaci\u00f3n por la Universidad Nacional del Centro de la Provincia de Buenos Aires. Docente en la Facultad de Ciencias Sociales (UNICEN). Integrante de la Red Especie. Periodista colaboradora del diario El Pa\u00eds de Espa\u00f1a. Trabaja en periodismo cient\u00edfico para la UNICEN, en particular, para la revista Earthzine, una publicaci\u00f3n del Instituto de Ingenier\u00eda El\u00e9ctrica y Electr\u00f3nica.<\/div><\/div><\/div><\/div><div class=\"team-item\"><div class=\"team-item_wrap\"><div class=\"team-item_content\"><div class=\"team-image\"><img src=\"https:\/\/observatoriodemedios.com.ar\/wp-content\/uploads\/2019\/12\/Screenshot_3-380x380.png\" alt=\"Karina gaston\" \/><\/div><\/div><div class=\"team-item_info\"><div class=\"team-item_titles\"><h2 class=\"team-title\"><a href=\"https:\/\/observatoriodemedios.com.ar\/index.php\/team\/lic-karina-gaston\/\">Lic. Karina Gast\u00f3n<\/a><\/h2><div class=\"team-meta_info\"><div class=\"team-department\">Investigadora<\/div><\/div><\/div><div class=\"team-info_icons\"><a href=\"https:\/\/twitter.com\/karinagaston1\" class=\"team-icon fab fa-twitter\"><\/a><\/div><div class=\"team-item_excerpt\">Licenciada en Comunicaci\u00f3n por la Universidad Nacional del Centro de la Provincia de Buenos Aires. Docente de la c\u00e1tedra Periodismo Pol\u00edtico y Econ\u00f3mico en FACSO UNICEN. Periodista de el multimedios \"El Popular\" de la ciudad de Olavarr\u00eda.<\/div><\/div><\/div><\/div><div class=\"team-item\"><div class=\"team-item_wrap\"><div class=\"team-item_content\"><div class=\"team-image\"><img src=\"https:\/\/observatoriodemedios.com.ar\/wp-content\/uploads\/2020\/07\/Natalia-Schumacher-380x380.png\" alt=\"Natalia Schumacher\" \/><\/div><\/div><div class=\"team-item_info\"><div class=\"team-item_titles\"><h2 class=\"team-title\"><a href=\"https:\/\/observatoriodemedios.com.ar\/index.php\/team\/dg-natalia-schumacher\/\">Dg. Natalia Schumacher<\/a><\/h2><div class=\"team-meta_info\"><div class=\"team-department\">Investigadora<\/div><\/div><\/div><div class=\"team-item_excerpt\">Dise\u00f1adora gr\u00e1fica. Docente en las carreras Comunicaci\u00f3n Social y Periodismo de la UNICEN.<\/div><\/div><\/div><\/div><div class=\"team-item\"><div class=\"team-item_wrap\"><div class=\"team-item_content\"><div class=\"team-image\"><img src=\"https:\/\/observatoriodemedios.com.ar\/wp-content\/uploads\/2020\/07\/Marcelo-babio-380x380.png\" alt=\"Marcelo babio\" \/><\/div><\/div><div class=\"team-item_info\"><div class=\"team-item_titles\"><h2 class=\"team-title\"><a href=\"https:\/\/observatoriodemedios.com.ar\/index.php\/team\/lic-marcelo-babio\/\">Dr. Marcelo Babio<\/a><\/h2><div class=\"team-meta_info\"><div class=\"team-department\">Investigador<\/div><\/div><\/div><div class=\"team-item_excerpt\">Doctor en Comunicaci\u00f3n (UNLP). Profesor titular en la Carrera de Comunicaci\u00f3n Social de UNICEN<\/div><\/div><\/div><\/div><div class=\"team-item\"><div class=\"team-item_wrap\"><div class=\"team-item_content\"><div class=\"team-image\"><img src=\"https:\/\/observatoriodemedios.com.ar\/wp-content\/uploads\/2020\/07\/imagen-Eliseo-380x380.jpg\" alt=\"\" \/><\/div><\/div><div class=\"team-item_info\"><div class=\"team-item_titles\"><h2 class=\"team-title\"><a href=\"https:\/\/observatoriodemedios.com.ar\/index.php\/team\/becario-eliseo-diaz\/\">Lic. Eliseo D\u00edaz<\/a><\/h2><div class=\"team-meta_info\"><div class=\"team-department\">Becario<\/div><\/div><\/div><div class=\"team-info_icons\"><a href=\"https:\/\/twitter.com\/97_eliseo\" class=\"team-icon fab fa-twitter\"><\/a><\/div><div class=\"team-item_excerpt\">Licenciado en Comunicaci\u00f3n Social (FACSO UNICEN),  integrante del Observatorio de Medios, Ciudadan\u00eda y Democracia y becario investigador en las Becas de Est\u00edmulo a la Vocaci\u00f3n Cient\u00edfica del Consejo Interuniversitario Nacional (CIN).<\/div><\/div><\/div><\/div><div class=\"team-item\"><div class=\"team-item_wrap\"><div class=\"team-item_content\"><div class=\"team-image\"><img src=\"https:\/\/observatoriodemedios.com.ar\/wp-content\/uploads\/2024\/07\/1701960471060-380x380.jpeg\" alt=\"\" \/><\/div><\/div><div class=\"team-item_info\"><div class=\"team-item_titles\"><h2 class=\"team-title\"><a href=\"https:\/\/observatoriodemedios.com.ar\/index.php\/team\/lic-leandra-bustamante\/\">Lic. Leandra Bustamante<\/a><\/h2><div class=\"team-meta_info\"><div class=\"team-department\">Becaria<\/div><\/div><\/div><div class=\"team-info_icons\"><a href=\"#\" class=\"team-icon fab fa-twitter\"><\/a><\/div><div class=\"team-item_excerpt\">Licenciada en Comunicaci\u00f3n Social (FACSO UNICEN),  integrante del Observatorio de Medios, Ciudadan\u00eda y Democracia y becaria investigadora en Beca de Entrenamiento CIC-PBA<\/div><\/div><\/div><\/div><div class=\"team-item\"><div class=\"team-item_wrap\"><div class=\"team-item_content\"><div class=\"team-image\"><img src=\"https:\/\/observatoriodemedios.com.ar\/wp-content\/uploads\/2019\/12\/sebastian-benedetti-sebastianbenedetti-380x380.jpg\" alt=\"sebastian-benedetti\" \/><\/div><\/div><div class=\"team-item_info\"><div class=\"team-item_titles\"><h2 class=\"team-title\"><a href=\"https:\/\/observatoriodemedios.com.ar\/index.php\/team\/esp-sebastian-benedetti\/\">Esp. Sebasti\u00e1n Benedetti<\/a><\/h2><div class=\"team-meta_info\"><div class=\"team-department\">Investigador<\/div><\/div><\/div><div class=\"team-info_icons\"><a href=\"https:\/\/twitter.com\/sbndt?lang=es\" class=\"team-icon fab fa-twitter\"><\/a><\/div><div class=\"team-item_excerpt\">Es periodista. Formalmente, Licenciado en Comunicaci\u00f3n Social y Especialista en Periodismo Cultural (UNLP). Profesor Adjunto de las c\u00e1tedras Taller de Redacci\u00f3n Period\u00edstica (FPyCS-UNLP) y Redacci\u00f3n Period\u00edstica II (Ciencias Sociales-UNICEN). Es autor de los libros \"Estaci\u00f3n Imposible. Expreso Imaginario y el periodismo contracultural\" y \"Lado B. Historias desde las fronteras de la realidad\".<\/div><\/div><\/div><\/div><div class=\"team-item\"><div class=\"team-item_wrap\"><div class=\"team-item_content\"><div class=\"team-image\"><img src=\"https:\/\/observatoriodemedios.com.ar\/wp-content\/uploads\/2020\/07\/Lisi-batres-380x380.png\" alt=\"Lisi batres\" \/><\/div><\/div><div class=\"team-item_info\"><div class=\"team-item_titles\"><h2 class=\"team-title\"><a href=\"https:\/\/observatoriodemedios.com.ar\/index.php\/team\/lisi-batres\/\">Lic. Lisi Batres<\/a><\/h2><div class=\"team-meta_info\"><div class=\"team-department\">Becaria<\/div><\/div><\/div><div class=\"team-info_icons\"><a href=\"https:\/\/twitter.com\/LisiBatres \" class=\"team-icon fab fa-twitter\"><\/a><a href=\"https:\/\/www.linkedin.com\/in\/lisi-batres-\/\" class=\"team-icon fab fa-linkedin\"><\/a><a href=\"https:\/\/orcid.org\/0000-0001-9153-7396\" class=\"team-icon fas fa-id-card\"><\/a><\/div><div class=\"team-item_excerpt\">Licenciada en Comunicaci\u00f3n. T\u00e9cnica en Producci\u00f3n Medi\u00e1tica. Becaria doctoral de la Comisi\u00f3n de Investigaciones Cient\u00edficas Cient\u00edficas de la Provincia de Buenos Aires (CIC).<\/div><\/div><\/div><\/div><div class=\"team-item\"><div class=\"team-item_wrap\"><div class=\"team-item_content\"><div class=\"team-image\"><img src=\"https:\/\/observatoriodemedios.com.ar\/wp-content\/uploads\/2019\/12\/Exequiel-Alonso-380x380.jpg\" alt=\"Exequiel Alonso\" \/><\/div><\/div><div class=\"team-item_info\"><div class=\"team-item_titles\"><h2 class=\"team-title\"><a href=\"https:\/\/observatoriodemedios.com.ar\/index.php\/team\/lic-exequiel-alonso\/\">Dr. Exequiel Alonso<\/a><\/h2><div class=\"team-meta_info\"><div class=\"team-department\">Becario<\/div><\/div><\/div><div class=\"team-info_icons\"><a href=\"https:\/\/twitter.com\/AlonsoExequiel\" class=\"team-icon fab fa-twitter\"><\/a><a href=\"https:\/\/www.linkedin.com\/in\/exequielalonso\/\" class=\"team-icon fab fa-linkedin\"><\/a><a href=\"https:\/\/linktr.ee\/alonsoexequiel\" class=\"team-icon fab fa-wordpress\"><\/a><\/div><div class=\"team-item_excerpt\">Doctor en Comunicaci\u00f3n Social (UNLP), Licenciado en Comunicaci\u00f3n Social y T\u00e9cnico en Producci\u00f3n medi\u00e1tica (FACSO-UNICEN). Diplomado en Marketing Digital (ITBA) y Diplomado en Ciencia de Datos (UNC-ICARO). Actualmente investigador del N\u00facleo de Investigaci\u00f3n \u201cEstudios de Comunicaci\u00f3n y Cultura de Olavarr\u00eda\u201d (ECCO) y colaborador en la Revista cient\u00edfica \u201cIntersecciones en Comunicaci\u00f3n\u201d<\/div><\/div><\/div><\/div><div class=\"team-item\"><div class=\"team-item_wrap\"><div class=\"team-item_content\"><div class=\"team-image\"><img src=\"https:\/\/observatoriodemedios.com.ar\/wp-content\/uploads\/2020\/07\/foto-perfil-380x380.jpg\" alt=\"paula belmes\" \/><\/div><\/div><div class=\"team-item_info\"><div class=\"team-item_titles\"><h2 class=\"team-title\"><a href=\"https:\/\/observatoriodemedios.com.ar\/index.php\/team\/lic-paula-belmes\/\">Lic. Paula Belmes<\/a><\/h2><div class=\"team-meta_info\"><div class=\"team-department\">Investigadora<\/div><\/div><\/div><div class=\"team-info_icons\"><a href=\"https:\/\/x.com\/tallerII_metodo \" class=\"team-icon fab fa-twitter\"><\/a><a href=\"https:\/\/www.instagram.com\/movilidadsustentableyseguraola?igsh=ODNpNXN0YXIybDB3\" class=\"team-icon fab fa-instagram\"><\/a><\/div><div class=\"team-item_excerpt\">Co Directora del proyecto de investigaci\u00f3n orientada Comunicaci\u00f3n y tr\u00e1nsito. Acciones de comunicaci\u00f3n e intervenci\u00f3n territorial desde la gesti\u00f3n participativa. Unidad ejecutora: N\u00facleo de Estudios en Cultura y Comunicaci\u00f3n de Olavarr\u00eda, Escuela de Ciencias de la Salud y Secat \u2013 Universidad del Centro de la Provincia de Buenos Aires. Argentina 2022\/2023 y 2023\/2024<\/div><\/div><\/div><\/div><div class=\"team-item\"><div class=\"team-item_wrap\"><div class=\"team-item_content\"><div class=\"team-image\"><img src=\"https:\/\/observatoriodemedios.com.ar\/wp-content\/uploads\/2020\/07\/WhatsApp-Image-2020-07-29-at-17.35.07-380x380.jpeg\" alt=\"Pablo Zamora\" \/><\/div><\/div><div class=\"team-item_info\"><div class=\"team-item_titles\"><h2 class=\"team-title\"><a href=\"https:\/\/observatoriodemedios.com.ar\/index.php\/team\/lic-pablo-zamora\/\">Mag. Pablo Zamora<\/a><\/h2><div class=\"team-meta_info\"><div class=\"team-department\">Investigador<\/div><\/div><\/div><div class=\"team-info_icons\"><a href=\"https:\/\/twitter.com\/zamoramtcd\" class=\"team-icon fab fa-twitter\"><\/a><\/div><div class=\"team-item_excerpt\">Magister en Periodismo y Medios de Comunicaci\u00f3n (UNLP). Licenciado en Comunicaci\u00f3n Social (UNICEN). Profesor adjunto de las c\u00e1tedras Introducci\u00f3n al Periodismo y Redacci\u00f3n Period\u00edstica I, y coordinador de las Pr\u00e1cticas Pre Profesionales de la carrera de Periodismo de la Facultad de Ciencias Sociales de Unic\u00e9n. Investigador categor\u00eda V del Programa Nacional de Incentivos. Integrante del N\u00facleo de investigaci\u00f3ones cient\u00edficas Estudios de Comunicaci\u00f3n y Cultura en Olavarr\u00eda.\r\n\r\n<\/div><\/div><\/div><\/div><div class=\"team-item\"><div class=\"team-item_wrap\"><div class=\"team-item_content\"><div class=\"team-image\"><img src=\"https:\/\/observatoriodemedios.com.ar\/wp-content\/uploads\/2020\/07\/Diego-Ibarra-380x380.jpg\" alt=\"Diego Ibarra\" \/><\/div><\/div><div class=\"team-item_info\"><div class=\"team-item_titles\"><h2 class=\"team-title\"><a href=\"https:\/\/observatoriodemedios.com.ar\/index.php\/team\/mag-diego-ibarra\/\">Mag. Diego Ibarra<\/a><\/h2><div class=\"team-meta_info\"><div class=\"team-department\">Investigador<\/div><\/div><\/div><div class=\"team-info_icons\"><a href=\"https:\/\/twitter.com\/diegojibarra\" class=\"team-icon fab fa-twitter\"><\/a><\/div><div class=\"team-item_excerpt\">Diego Javier Ibarra Licenciado en periodismo (UNLZ), Magister en periodismo y medios de comunicaci\u00f3n (UNLP). Argentina. Profesor Adjunto  Taller Lenguajes II y III (Comunicaci\u00f3n radial) Unicen; JTP Taller de Radio UBA; Miembro Comisi\u00f3n Directiva Radio Universidad FM 90.1 Unicen-Olavarr\u00eda; Integrante del Comit\u00e9 Permanente de las Jornadas Universitarias de Radio; Vocal  de la Asociaci\u00f3n de radios universitarias de Argentina ARUNA.<\/div><\/div><\/div><\/div><div class=\"team-item\"><div class=\"team-item_wrap\"><div class=\"team-item_content\"><div class=\"team-image\"><img src=\"https:\/\/observatoriodemedios.com.ar\/wp-content\/uploads\/2019\/12\/BSIQ6437-e1595945979380-380x380.jpg\" alt=\"Monica Cohendoz\" \/><\/div><\/div><div class=\"team-item_info\"><div class=\"team-item_titles\"><h2 class=\"team-title\"><a href=\"https:\/\/observatoriodemedios.com.ar\/index.php\/team\/dra-monica-cohendoz\/\">Dra. M\u00f3nica Cohendoz<\/a><\/h2><div class=\"team-meta_info\"><div class=\"team-department\">Directora<\/div><\/div><\/div><div class=\"team-info_icons\"><a href=\"https:\/\/twitter.com\/mcohendoz\" class=\"team-icon fab fa-twitter\"><\/a><a href=\"mailto:mcohendoz@gmail\" class=\"team-icon fas fa-at\"><\/a><\/div><div class=\"team-item_excerpt\">Dra. en Comunicaci\u00f3n (UNLP) Magister en Estudios Sociales y Culturales (UNLAM)  Licenciada en Letras (UBA). Docente titular de las c\u00e1tedras Historia de las Manifestaciones Simb\u00f3licas y Semi\u00f3tica de los Medios de la Carrera de Comunicaci\u00f3n Social de la Facultad de Ciencias Sociales de UNICEN<\/div><\/div><\/div><\/div><div class=\"team-item\"><div class=\"team-item_wrap\"><div class=\"team-item_content\"><div class=\"team-image\"><img src=\"https:\/\/observatoriodemedios.com.ar\/wp-content\/uploads\/2019\/12\/Rocio-pereyra-380x380.png\" alt=\"Rocio pereyra\" \/><\/div><\/div><div class=\"team-item_info\"><div class=\"team-item_titles\"><h2 class=\"team-title\"><a href=\"https:\/\/observatoriodemedios.com.ar\/index.php\/team\/lic-rocio-pereyra\/\">Lic. Roc\u00edo Pereyra<\/a><\/h2><div class=\"team-meta_info\"><div class=\"team-department\">Becaria<\/div><\/div><\/div><div class=\"team-info_icons\"><a href=\"https:\/\/twitter.com\/RoocioPereyra\" class=\"team-icon fab fa-twitter\"><\/a><a href=\"https:\/\/www.linkedin.com\/in\/roc%C3%ADo-pereyra-322604114\/\" class=\"team-icon fab fa-linkedin\"><\/a><\/div><div class=\"team-item_excerpt\">Becaria doctoral CONICET y doctoranda en UNLP. Licenciada en Comunicaci\u00f3n Social (UNICEN) y T\u00e9c. en Periodismo Deportivo (UNLP). Docente auxiliar de la c\u00e1tedra \"An\u00e1lisis del discurso period\u00edstico\" en FACSO UNICEN. <\/div><\/div><\/div><\/div>            <\/div>\n        <\/div>\n        \n        \t\t<\/div>\n\t\t\t\t<\/div>\n\t\t\t\t\t\t<\/div>\n\t\t\t\t\t<\/div>\n\t\t<\/div>\n\t\t\t\t\t\t\t\t<\/div>\n\t\t\t\t\t<\/div>\n\t\t<\/section>\n\t\t\t\t<section class=\"elementor-section elementor-top-section elementor-element elementor-element-c6d51b1 elementor-section-boxed elementor-section-height-default elementor-section-height-default\" data-id=\"c6d51b1\" data-element_type=\"section\">\n\t\t\t\t\t\t<div class=\"elementor-container elementor-column-gap-default\">\n\t\t\t\t\t\t\t<div class=\"elementor-row\">\n\t\t\t\t\t<div class=\"elementor-column elementor-col-100 elementor-top-column elementor-element elementor-element-17b0642\" data-id=\"17b0642\" data-element_type=\"column\">\n\t\t\t<div class=\"elementor-column-wrap elementor-element-populated\">\n\t\t\t\t\t\t\t<div class=\"elementor-widget-wrap\">\n\t\t\t\t\t\t<div class=\"elementor-element elementor-element-a21e1be elementor-widget elementor-widget-spacer\" data-id=\"a21e1be\" data-element_type=\"widget\" data-widget_type=\"spacer.default\">\n\t\t\t\t<div class=\"elementor-widget-container\">\n\t\t\t\t\t<div class=\"elementor-spacer\">\n\t\t\t<div class=\"elementor-spacer-inner\"><\/div>\n\t\t<\/div>\n\t\t\t\t<\/div>\n\t\t\t\t<\/div>\n\t\t\t\t\t\t<\/div>\n\t\t\t\t\t<\/div>\n\t\t<\/div>\n\t\t\t\t\t\t\t\t<\/div>\n\t\t\t\t\t<\/div>\n\t\t<\/section>\n\t\t\t\t\t\t<\/div>\n\t\t\t\t\t\t<\/div>\n\t\t\t\t\t<\/div>\n\t\t","protected":false},"excerpt":{"rendered":"<p>El equipo del Observatorio Les integrantes de este equipo son investigadores adem\u00e1s del N\u00facleo de Acceso al Conocimiento &#8220;Estudios de Comunicaci\u00f3n y Cultura en Olavarr\u00eda&#8221; (ECCO) Dra. M\u00f3nica Cohendoz DirectoraLicenciada en Letras, Magister en Estudios Sociales y Culturales, Dra. en Comunicaci\u00f3n. Profesora titular de las c\u00e1tedras Historia de las Manifestaciones Simb\u00f3licas y Semi\u00f3tica de los [&hellip;]<\/p>\n","protected":false},"author":1,"featured_media":0,"parent":0,"menu_order":0,"comment_status":"closed","ping_status":"closed","template":"","meta":[],"_links":{"self":[{"href":"https:\/\/observatoriodemedios.com.ar\/index.php\/wp-json\/wp\/v2\/pages\/712"}],"collection":[{"href":"https:\/\/observatoriodemedios.com.ar\/index.php\/wp-json\/wp\/v2\/pages"}],"about":[{"href":"https:\/\/observatoriodemedios.com.ar\/index.php\/wp-json\/wp\/v2\/types\/page"}],"author":[{"embeddable":true,"href":"https:\/\/observatoriodemedios.com.ar\/index.php\/wp-json\/wp\/v2\/users\/1"}],"replies":[{"embeddable":true,"href":"https:\/\/observatoriodemedios.com.ar\/index.php\/wp-json\/wp\/v2\/comments?post=712"}],"version-history":[{"count":23,"href":"https:\/\/observatoriodemedios.com.ar\/index.php\/wp-json\/wp\/v2\/pages\/712\/revisions"}],"predecessor-version":[{"id":3182,"href":"https:\/\/observatoriodemedios.com.ar\/index.php\/wp-json\/wp\/v2\/pages\/712\/revisions\/3182"}],"wp:attachment":[{"href":"https:\/\/observatoriodemedios.com.ar\/index.php\/wp-json\/wp\/v2\/media?parent=712"}],"curies":[{"name":"wp","href":"https:\/\/api.w.org\/{rel}","templated":true}]}}